{"id":15297,"date":"2024-10-24T11:57:01","date_gmt":"2024-10-24T10:57:01","guid":{"rendered":"https:\/\/neel-trimarans-group.com\/?page_id=15297"},"modified":"2024-10-24T12:02:29","modified_gmt":"2024-10-24T11:02:29","slug":"stagiaire-gestion-de-projet-apres-vente-h-f","status":"publish","type":"page","link":"https:\/\/neel-trimarans-group.com\/fr\/entreprise\/recrutement-2\/stagiaire-gestion-de-projet-apres-vente-h-f\/","title":{"rendered":"Stagiaire Gestion de Projet Apr\u00e8s-Vente H\/F"},"content":{"rendered":"\t\t<div data-elementor-type=\"wp-page\" data-elementor-id=\"15297\" class=\"elementor elementor-15297\" data-elementor-post-type=\"page\">\n\t\t\t\t\t\t<section class=\"elementor-section elementor-top-section elementor-element elementor-element-4131c4e elementor-section-boxed elementor-section-height-default elementor-section-height-default\" data-id=\"4131c4e\" data-element_type=\"section\">\n\t\t\t\t\t\t<div class=\"elementor-container elementor-column-gap-default\">\n\t\t\t\t\t<div class=\"elementor-column elementor-col-100 elementor-top-column elementor-element elementor-element-ee364d7\" data-id=\"ee364d7\" data-element_type=\"column\">\n\t\t\t<div class=\"elementor-widget-wrap elementor-element-populated\">\n\t\t\t\t\t\t<div class=\"elementor-element elementor-element-d24390f elementor-widget elementor-widget-text-editor\" data-id=\"d24390f\" data-element_type=\"widget\" data-widget_type=\"text-editor.default\">\n\t\t\t\t<div class=\"elementor-widget-container\">\n\t\t\t\t\t\t\t\t\t<p>Notre soci\u00e9t\u00e9 fran\u00e7aise, <strong>leader mondial<\/strong> de la conception, de la construction et de la commercialisation de trimarans de plaisance hauturier (voilier et moteur), recherche un(e) Stagiaire en <strong>Gestion de Projet Apr\u00e8s-Vente<\/strong> pr\u00eat(e) \u00e0 rejoindre nos ateliers Rochelais.<\/p><p>Rattach\u00e9(e) \u00e0 la Direction Commerciale &amp; Marketing, vous contribuerez \u00e0 l\u2019am\u00e9lioration permanente de la satisfaction client, qui est au c\u0153ur de la strat\u00e9gie de notre groupe.<\/p><p>\u00c0 ce titre, vous accompagnerez le Directeur commercial ainsi que l&#8217;ensemble de l&#8217;\u00e9quipe dans leurs projets sur axes suivants\u00a0:<\/p><p><strong>Exp\u00e9rience Client \/ Mise en place \u00e9valuation Qualit\u00e9 R\u00e9seau :<\/strong><\/p><ul><li>Accompagner le SAV dans le d\u00e9veloppement de l\u2019animation du r\u00e9seau de concessionnaires sur la gestion et l\u2019exp\u00e9rience client Apr\u00e8s-Vente.<\/li><li>Mettre en place et suivre les principaux indicateurs de performance (KPIs) li\u00e9s \u00e0 l\u2019exp\u00e9rience client.<\/li><li>Analyser les r\u00e9sultats et communiquer les retours au r\u00e9seau pour am\u00e9liorer la qualit\u00e9 de service.<\/li><\/ul><p><strong>Animation du r\u00e9seau sur l\u2019Exp\u00e9rience Client<\/strong><\/p><ul><li>Identifier les acteurs performants et non performants<\/li><\/ul><ul><li>Demande et analyse des plans d\u2019action \u00e9labor\u00e9s par les concessionnaires<\/li><\/ul><p><strong>Benchmark <\/strong><\/p><ul><li>R\u00e9aliser des \u00e9tudes de benchmark pour analyser la concurrence et diffuser les bonnes pratiques au r\u00e9seau.<\/li><\/ul><p><strong>Profil recherch\u00e9 <\/strong><\/p><p><strong>Formation<\/strong> : Vous pr\u00e9parez un dipl\u00f4me d\u2019ing\u00e9nieur et souhaitez r\u00e9aliser votre stage de fin d&#8217;\u00e9tudes dans le domaine de la gestion de projet.<\/p><p><strong>Exp\u00e9rience<\/strong> : Vous avez une premi\u00e8re exp\u00e9rience en Gestion de Projet (stage\/apprentissage), id\u00e9alement au sein d\u2019une entreprise du secteur nautique ou du service client.\u00a0<\/p><p><strong>Qualit\u00e9s\u00a0:<\/strong><\/p><ul><li>Rigueur,<\/li><li>Pr\u00e9cision,<\/li><li>Autonomie,<\/li><li>Curiosit\u00e9.<\/li><\/ul><p>Vous \u00eates capable de travailler avec plusieurs interlocuteurs sur plusieurs dossiers en parall\u00e8le. Vos qualit\u00e9s r\u00e9dactionnelles et relationnelles sont indispensables, et vous poss\u00e9dez un bon esprit d\u2019\u00e9quipe.<\/p><p><strong>Informatique\u00a0:<\/strong> Ma\u00eetrise du Pack Office<\/p><p><strong>Langues\u00a0<\/strong>: Anglais professionnel (minimum\u00a0: B2)<\/p><h2>\u00a0<\/h2><p><strong>Conditions : <\/strong><\/p><ul><li>Stage de 6 mois<\/li><li>Localit\u00e9 : La Rochelle<\/li><li>D\u00e9but : ASAP<\/li><\/ul>\t\t\t\t\t\t\t\t<\/div>\n\t\t\t\t<\/div>\n\t\t\t\t\t<\/div>\n\t\t<\/div>\n\t\t\t\t\t<\/div>\n\t\t<\/section>\n\t\t\t\t<section class=\"elementor-section elementor-top-section elementor-element elementor-element-8cb851f elementor-section-boxed elementor-section-height-default elementor-section-height-default\" data-id=\"8cb851f\" data-element_type=\"section\">\n\t\t\t\t\t\t<div class=\"elementor-container elementor-column-gap-default\">\n\t\t\t\t\t<div class=\"elementor-column elementor-col-100 elementor-top-column elementor-element elementor-element-ceb4b06\" data-id=\"ceb4b06\" data-element_type=\"column\">\n\t\t\t<div class=\"elementor-widget-wrap elementor-element-populated\">\n\t\t\t\t\t\t<div class=\"elementor-element elementor-element-c923e96 elementor-widget elementor-widget-text-editor\" data-id=\"c923e96\" data-element_type=\"widget\" data-widget_type=\"text-editor.default\">\n\t\t\t\t<div class=\"elementor-widget-container\">\n\t\t\t\t\t\t\t\t\t<p>\n<div class=\"wpcf7 no-js\" id=\"wpcf7-f3282-o1\" lang=\"fr-FR\" dir=\"ltr\" data-wpcf7-id=\"3282\">\n<div class=\"screen-reader-response\"><p role=\"status\" aria-live=\"polite\" aria-atomic=\"true\"><\/p> <ul><\/ul><\/div>\n<form action=\"\/fr\/wp-json\/wp\/v2\/pages\/15297#wpcf7-f3282-o1\" method=\"post\" class=\"wpcf7-form init\" aria-label=\"Formulaire de contact\" enctype=\"multipart\/form-data\" novalidate=\"novalidate\" data-status=\"init\">\n<fieldset class=\"hidden-fields-container\"><input type=\"hidden\" name=\"_wpcf7\" value=\"3282\" \/><input type=\"hidden\" name=\"_wpcf7_version\" value=\"6.1.5\" \/><input type=\"hidden\" name=\"_wpcf7_locale\" value=\"fr_FR\" \/><input type=\"hidden\" name=\"_wpcf7_unit_tag\" value=\"wpcf7-f3282-o1\" \/><input type=\"hidden\" name=\"_wpcf7_container_post\" value=\"0\" \/><input type=\"hidden\" name=\"_wpcf7_posted_data_hash\" value=\"\" \/><input type=\"hidden\" name=\"_wpcf7dtx_version\" value=\"5.0.5\" \/><input type=\"hidden\" name=\"_wpcf7_recaptcha_response\" value=\"\" \/>\n<\/fieldset>\n<div class=\"left_50\">\n    <label>Nom*<\/label>\n    <span class=\"wpcf7-form-control-wrap\" data-name=\"your-name\"><input size=\"40\" maxlength=\"400\" class=\"wpcf7-form-control wpcf7-text wpcf7-validates-as-required\" aria-required=\"true\" aria-invalid=\"false\" value=\"\" type=\"text\" name=\"your-name\" \/><\/span>\n<\/div>\n<div class=\"right_50\">\n    <label>Pr\u00e9nom*<\/label>\n    <span class=\"wpcf7-form-control-wrap\" data-name=\"your-prenom\"><input size=\"40\" maxlength=\"400\" class=\"wpcf7-form-control wpcf7-text wpcf7-validates-as-required\" aria-required=\"true\" aria-invalid=\"false\" value=\"\" type=\"text\" name=\"your-prenom\" \/><\/span>\n<\/div>\n\n\n<div class=\"left_50\">\n    <label>Email*<\/label>\n    <span class=\"wpcf7-form-control-wrap\" data-name=\"email\"><input size=\"40\" maxlength=\"400\" class=\"wpcf7-form-control wpcf7-email wpcf7-validates-as-required wpcf7-text wpcf7-validates-as-email\" aria-required=\"true\" aria-invalid=\"false\" value=\"\" type=\"email\" name=\"email\" \/><\/span>\n<\/div>\n<div class=\"right_50\">\n    <label>T\u00e9l\u00e9phone*<\/label>\n    <span class=\"wpcf7-form-control-wrap\" data-name=\"phone\"><input size=\"40\" maxlength=\"400\" class=\"wpcf7-form-control wpcf7-text wpcf7-validates-as-required\" aria-required=\"true\" aria-invalid=\"false\" value=\"\" type=\"text\" name=\"phone\" \/><\/span>\n<\/div>\n\n\n\n<div class=\"left_50\">\n    <label>Ville*<\/label>\n    <span class=\"wpcf7-form-control-wrap\" data-name=\"ville\"><input size=\"40\" maxlength=\"400\" class=\"wpcf7-form-control wpcf7-text wpcf7-validates-as-required\" aria-required=\"true\" aria-invalid=\"false\" value=\"\" type=\"text\" name=\"ville\" \/><\/span>\n<\/div>\n<div class=\"right_50\">\n    <label>Poste recherch\u00e9*<\/label>\n    <span class=\"wpcf7-form-control-wrap\" data-name=\"job\"><input size=\"40\" maxlength=\"400\" class=\"wpcf7-form-control wpcf7-text wpcf7-validates-as-required\" aria-required=\"true\" aria-invalid=\"false\" value=\"\" type=\"text\" name=\"job\" \/><\/span>\n<\/div>\n\n\n<div class=\"center_100\">\n    <label>Message*<\/label>\n    <span class=\"wpcf7-form-control-wrap\" data-name=\"your-message\"><textarea cols=\"40\" rows=\"10\" maxlength=\"2000\" class=\"wpcf7-form-control wpcf7-textarea wpcf7-validates-as-required\" aria-required=\"true\" aria-invalid=\"false\" name=\"your-message\"><\/textarea><\/span>\n<\/div>\n\n<div class=\"left_50\">\n    <label>Votre CV<\/label>\n<span class=\"wpcf7-form-control-wrap\" data-name=\"file-CV\"><input size=\"40\" class=\"wpcf7-form-control wpcf7-file\" accept=\"image\/*,.txt,application\/pdf\" aria-invalid=\"false\" type=\"file\" name=\"file-CV\" \/><\/span>\n<\/div>\n<div class=\"right_50\">\n    <label>Votre lettre de motivation<\/label>\n<span class=\"wpcf7-form-control-wrap\" data-name=\"file-lettre\"><input size=\"40\" class=\"wpcf7-form-control wpcf7-file\" accept=\"image\/*,.txt,application\/pdf\" aria-invalid=\"false\" type=\"file\" name=\"file-lettre\" \/><\/span>\n\n\n<\/div>\n\n<div class=\"center_100\">\n <small style=\"font-size:12px;font-weight:100;\"><span class=\"wpcf7-form-control-wrap\" data-name=\"checkbox-27\"><span class=\"wpcf7-form-control wpcf7-checkbox wpcf7-validates-as-required wpcf7-exclusive-checkbox\"><span class=\"wpcf7-list-item first last\"><label><input type=\"checkbox\" name=\"checkbox-27\" value=\"En soumettant ce formulaire j\u2019accepte que les informations saisies soient exploit\u00e9es dans le cadre de la demande de contact\" \/><span class=\"wpcf7-list-item-label\">En soumettant ce formulaire j\u2019accepte que les informations saisies soient exploit\u00e9es dans le cadre de la demande de contact<\/span><\/label><\/span><\/span><\/span><\/small>\n<\/div>\n\n\n<div class=\"center_100\">\n<input class=\"wpcf7-form-control wpcf7-submit has-spinner\" type=\"submit\" value=\"Envoyer\" \/>\n<\/div><div class=\"wpcf7-response-output\" aria-hidden=\"true\"><\/div>\n<\/form>\n<\/div>\n<\/p>\t\t\t\t\t\t\t\t<\/div>\n\t\t\t\t<\/div>\n\t\t\t\t\t<\/div>\n\t\t<\/div>\n\t\t\t\t\t<\/div>\n\t\t<\/section>\n\t\t\t\t<\/div>\n\t\t","protected":false},"excerpt":{"rendered":"<p>Notre soci\u00e9t\u00e9 fran\u00e7aise, leader mondial de la conception, de la construction et de la commercialisation de trimarans de plaisance hauturier (voilier et moteur), recherche un(e) Stagiaire en Gestion de Projet Apr\u00e8s-Vente pr\u00eat(e) \u00e0 rejoindre nos ateliers Rochelais. Rattach\u00e9(e) \u00e0 la Direction Commerciale &amp; Marketing, vous contribuerez \u00e0 l\u2019am\u00e9lioration permanente de la satisfaction client, qui est [&hellip;]<\/p>\n","protected":false},"author":201,"featured_media":13415,"parent":8245,"menu_order":0,"comment_status":"closed","ping_status":"closed","template":"page_content_neel.php","meta":{"_acf_changed":false,"footnotes":""},"class_list":["post-15297","page","type-page","status-publish","has-post-thumbnail","hentry"],"acf":[],"yoast_head":"<!-- This site is optimized with the Yoast SEO plugin v27.3 - https:\/\/yoast.com\/product\/yoast-seo-wordpress\/ -->\n<title>Stagiaire Gestion de Projet Apr\u00e8s-Vente H\/F - NEEL-TRIMARANS-GROUP<\/title>\n<meta name=\"description\" content=\"NEEL-TRIMARANS recrute \u00e0 La Rochelle un stratifieur \/ drapeur, homme ou femme. D\u00e9posez votre CV et lettre de motivation en ligne.\" \/>\n<meta name=\"robots\" content=\"index, follow, max-snippet:-1, max-image-preview:large, max-video-preview:-1\" \/>\n<link rel=\"canonical\" href=\"https:\/\/neel-trimarans-group.com\/fr\/entreprise\/recrutement-2\/stagiaire-gestion-de-projet-apres-vente-h-f\/\" \/>\n<meta property=\"og:locale\" content=\"fr_FR\" \/>\n<meta property=\"og:type\" content=\"article\" \/>\n<meta property=\"og:title\" content=\"Stagiaire Gestion de Projet Apr\u00e8s-Vente H\/F - NEEL-TRIMARANS-GROUP\" \/>\n<meta property=\"og:description\" content=\"NEEL-TRIMARANS recrute \u00e0 La Rochelle un stratifieur \/ drapeur, homme ou femme. D\u00e9posez votre CV et lettre de motivation en ligne.\" \/>\n<meta property=\"og:url\" content=\"https:\/\/neel-trimarans-group.com\/fr\/entreprise\/recrutement-2\/stagiaire-gestion-de-projet-apres-vente-h-f\/\" \/>\n<meta property=\"og:site_name\" content=\"NEEL-TRIMARANS-GROUP\" \/>\n<meta property=\"article:publisher\" content=\"https:\/\/www.facebook.com\/neeltrimarans\/\" \/>\n<meta property=\"article:modified_time\" content=\"2024-10-24T11:02:29+00:00\" \/>\n<meta property=\"og:image\" content=\"http:\/\/neel-trimarans-group.com\/wp-content\/uploads\/2022\/09\/technicien-en-conception-de-produits-industriels-scaled.jpg\" \/>\n\t<meta property=\"og:image:width\" content=\"2560\" \/>\n\t<meta property=\"og:image:height\" content=\"1708\" \/>\n\t<meta property=\"og:image:type\" content=\"image\/jpeg\" \/>\n<meta name=\"twitter:card\" content=\"summary_large_image\" \/>\n<meta name=\"twitter:site\" content=\"@neeltrimarans\" \/>\n<meta name=\"twitter:label1\" content=\"Dur\u00e9e de lecture estim\u00e9e\" \/>\n\t<meta name=\"twitter:data1\" content=\"2 minutes\" \/>\n<script type=\"application\/ld+json\" class=\"yoast-schema-graph\">{\"@context\":\"https:\\\/\\\/schema.org\",\"@graph\":[{\"@type\":\"WebPage\",\"@id\":\"https:\\\/\\\/neel-trimarans-group.com\\\/fr\\\/entreprise\\\/recrutement-2\\\/stagiaire-gestion-de-projet-apres-vente-h-f\\\/\",\"url\":\"https:\\\/\\\/neel-trimarans-group.com\\\/fr\\\/entreprise\\\/recrutement-2\\\/stagiaire-gestion-de-projet-apres-vente-h-f\\\/\",\"name\":\"Stagiaire Gestion de Projet Apr\u00e8s-Vente H\\\/F - NEEL-TRIMARANS-GROUP\",\"isPartOf\":{\"@id\":\"https:\\\/\\\/neel-trimarans-group.com\\\/#website\"},\"primaryImageOfPage\":{\"@id\":\"https:\\\/\\\/neel-trimarans-group.com\\\/fr\\\/entreprise\\\/recrutement-2\\\/stagiaire-gestion-de-projet-apres-vente-h-f\\\/#primaryimage\"},\"image\":{\"@id\":\"https:\\\/\\\/neel-trimarans-group.com\\\/fr\\\/entreprise\\\/recrutement-2\\\/stagiaire-gestion-de-projet-apres-vente-h-f\\\/#primaryimage\"},\"thumbnailUrl\":\"https:\\\/\\\/neel-trimarans-group.com\\\/wp-content\\\/uploads\\\/2022\\\/09\\\/technicien-en-conception-de-produits-industriels-scaled.jpg\",\"datePublished\":\"2024-10-24T10:57:01+00:00\",\"dateModified\":\"2024-10-24T11:02:29+00:00\",\"description\":\"NEEL-TRIMARANS recrute \u00e0 La Rochelle un stratifieur \\\/ drapeur, homme ou femme. D\u00e9posez votre CV et lettre de motivation en ligne.\",\"breadcrumb\":{\"@id\":\"https:\\\/\\\/neel-trimarans-group.com\\\/fr\\\/entreprise\\\/recrutement-2\\\/stagiaire-gestion-de-projet-apres-vente-h-f\\\/#breadcrumb\"},\"inLanguage\":\"fr-FR\",\"potentialAction\":[{\"@type\":\"ReadAction\",\"target\":[\"https:\\\/\\\/neel-trimarans-group.com\\\/fr\\\/entreprise\\\/recrutement-2\\\/stagiaire-gestion-de-projet-apres-vente-h-f\\\/\"]}]},{\"@type\":\"ImageObject\",\"inLanguage\":\"fr-FR\",\"@id\":\"https:\\\/\\\/neel-trimarans-group.com\\\/fr\\\/entreprise\\\/recrutement-2\\\/stagiaire-gestion-de-projet-apres-vente-h-f\\\/#primaryimage\",\"url\":\"https:\\\/\\\/neel-trimarans-group.com\\\/wp-content\\\/uploads\\\/2022\\\/09\\\/technicien-en-conception-de-produits-industriels-scaled.jpg\",\"contentUrl\":\"https:\\\/\\\/neel-trimarans-group.com\\\/wp-content\\\/uploads\\\/2022\\\/09\\\/technicien-en-conception-de-produits-industriels-scaled.jpg\",\"width\":2560,\"height\":1708,\"caption\":\"Technicien en conception de produits industriels\"},{\"@type\":\"BreadcrumbList\",\"@id\":\"https:\\\/\\\/neel-trimarans-group.com\\\/fr\\\/entreprise\\\/recrutement-2\\\/stagiaire-gestion-de-projet-apres-vente-h-f\\\/#breadcrumb\",\"itemListElement\":[{\"@type\":\"ListItem\",\"position\":1,\"name\":\"Home\",\"item\":\"https:\\\/\\\/neel-trimarans-group.com\\\/\"},{\"@type\":\"ListItem\",\"position\":2,\"name\":\"L&#8217;entreprise\",\"item\":\"https:\\\/\\\/neel-trimarans-group.com\\\/fr\\\/entreprise\\\/\"},{\"@type\":\"ListItem\",\"position\":3,\"name\":\"Recrutement\",\"item\":\"https:\\\/\\\/neel-trimarans-group.com\\\/fr\\\/entreprise\\\/recrutement-2\\\/\"},{\"@type\":\"ListItem\",\"position\":4,\"name\":\"Stagiaire Gestion de Projet Apr\u00e8s-Vente H\\\/F\"}]},{\"@type\":\"WebSite\",\"@id\":\"https:\\\/\\\/neel-trimarans-group.com\\\/#website\",\"url\":\"https:\\\/\\\/neel-trimarans-group.com\\\/\",\"name\":\"NEEL-TRIMARANS-GROUP\",\"description\":\"Just makes sense\",\"publisher\":{\"@id\":\"https:\\\/\\\/neel-trimarans-group.com\\\/#organization\"},\"potentialAction\":[{\"@type\":\"SearchAction\",\"target\":{\"@type\":\"EntryPoint\",\"urlTemplate\":\"https:\\\/\\\/neel-trimarans-group.com\\\/?s={search_term_string}\"},\"query-input\":{\"@type\":\"PropertyValueSpecification\",\"valueRequired\":true,\"valueName\":\"search_term_string\"}}],\"inLanguage\":\"fr-FR\"},{\"@type\":\"Organization\",\"@id\":\"https:\\\/\\\/neel-trimarans-group.com\\\/#organization\",\"name\":\"NEEL-TRIMARANS GROUP\",\"url\":\"https:\\\/\\\/neel-trimarans-group.com\\\/\",\"logo\":{\"@type\":\"ImageObject\",\"inLanguage\":\"fr-FR\",\"@id\":\"https:\\\/\\\/neel-trimarans-group.com\\\/#\\\/schema\\\/logo\\\/image\\\/\",\"url\":\"\",\"contentUrl\":\"\",\"caption\":\"NEEL-TRIMARANS GROUP\"},\"image\":{\"@id\":\"https:\\\/\\\/neel-trimarans-group.com\\\/#\\\/schema\\\/logo\\\/image\\\/\"},\"sameAs\":[\"https:\\\/\\\/www.facebook.com\\\/neeltrimarans\\\/\",\"https:\\\/\\\/x.com\\\/neeltrimarans\",\"https:\\\/\\\/www.instagram.com\\\/neeltrimarans_official\\\/\",\"https:\\\/\\\/www.youtube.com\\\/channel\\\/UCAFnRZZiNuug-k9TNDH_sEw\"]}]}<\/script>\n<!-- \/ Yoast SEO plugin. -->","yoast_head_json":{"title":"Stagiaire Gestion de Projet Apr\u00e8s-Vente H\/F - NEEL-TRIMARANS-GROUP","description":"NEEL-TRIMARANS recrute \u00e0 La Rochelle un stratifieur \/ drapeur, homme ou femme. D\u00e9posez votre CV et lettre de motivation en ligne.","robots":{"index":"index","follow":"follow","max-snippet":"max-snippet:-1","max-image-preview":"max-image-preview:large","max-video-preview":"max-video-preview:-1"},"canonical":"https:\/\/neel-trimarans-group.com\/fr\/entreprise\/recrutement-2\/stagiaire-gestion-de-projet-apres-vente-h-f\/","og_locale":"fr_FR","og_type":"article","og_title":"Stagiaire Gestion de Projet Apr\u00e8s-Vente H\/F - NEEL-TRIMARANS-GROUP","og_description":"NEEL-TRIMARANS recrute \u00e0 La Rochelle un stratifieur \/ drapeur, homme ou femme. D\u00e9posez votre CV et lettre de motivation en ligne.","og_url":"https:\/\/neel-trimarans-group.com\/fr\/entreprise\/recrutement-2\/stagiaire-gestion-de-projet-apres-vente-h-f\/","og_site_name":"NEEL-TRIMARANS-GROUP","article_publisher":"https:\/\/www.facebook.com\/neeltrimarans\/","article_modified_time":"2024-10-24T11:02:29+00:00","og_image":[{"width":2560,"height":1708,"url":"http:\/\/neel-trimarans-group.com\/wp-content\/uploads\/2022\/09\/technicien-en-conception-de-produits-industriels-scaled.jpg","type":"image\/jpeg"}],"twitter_card":"summary_large_image","twitter_site":"@neeltrimarans","twitter_misc":{"Dur\u00e9e de lecture estim\u00e9e":"2 minutes"},"schema":{"@context":"https:\/\/schema.org","@graph":[{"@type":"WebPage","@id":"https:\/\/neel-trimarans-group.com\/fr\/entreprise\/recrutement-2\/stagiaire-gestion-de-projet-apres-vente-h-f\/","url":"https:\/\/neel-trimarans-group.com\/fr\/entreprise\/recrutement-2\/stagiaire-gestion-de-projet-apres-vente-h-f\/","name":"Stagiaire Gestion de Projet Apr\u00e8s-Vente H\/F - NEEL-TRIMARANS-GROUP","isPartOf":{"@id":"https:\/\/neel-trimarans-group.com\/#website"},"primaryImageOfPage":{"@id":"https:\/\/neel-trimarans-group.com\/fr\/entreprise\/recrutement-2\/stagiaire-gestion-de-projet-apres-vente-h-f\/#primaryimage"},"image":{"@id":"https:\/\/neel-trimarans-group.com\/fr\/entreprise\/recrutement-2\/stagiaire-gestion-de-projet-apres-vente-h-f\/#primaryimage"},"thumbnailUrl":"https:\/\/neel-trimarans-group.com\/wp-content\/uploads\/2022\/09\/technicien-en-conception-de-produits-industriels-scaled.jpg","datePublished":"2024-10-24T10:57:01+00:00","dateModified":"2024-10-24T11:02:29+00:00","description":"NEEL-TRIMARANS recrute \u00e0 La Rochelle un stratifieur \/ drapeur, homme ou femme. D\u00e9posez votre CV et lettre de motivation en ligne.","breadcrumb":{"@id":"https:\/\/neel-trimarans-group.com\/fr\/entreprise\/recrutement-2\/stagiaire-gestion-de-projet-apres-vente-h-f\/#breadcrumb"},"inLanguage":"fr-FR","potentialAction":[{"@type":"ReadAction","target":["https:\/\/neel-trimarans-group.com\/fr\/entreprise\/recrutement-2\/stagiaire-gestion-de-projet-apres-vente-h-f\/"]}]},{"@type":"ImageObject","inLanguage":"fr-FR","@id":"https:\/\/neel-trimarans-group.com\/fr\/entreprise\/recrutement-2\/stagiaire-gestion-de-projet-apres-vente-h-f\/#primaryimage","url":"https:\/\/neel-trimarans-group.com\/wp-content\/uploads\/2022\/09\/technicien-en-conception-de-produits-industriels-scaled.jpg","contentUrl":"https:\/\/neel-trimarans-group.com\/wp-content\/uploads\/2022\/09\/technicien-en-conception-de-produits-industriels-scaled.jpg","width":2560,"height":1708,"caption":"Technicien en conception de produits industriels"},{"@type":"BreadcrumbList","@id":"https:\/\/neel-trimarans-group.com\/fr\/entreprise\/recrutement-2\/stagiaire-gestion-de-projet-apres-vente-h-f\/#breadcrumb","itemListElement":[{"@type":"ListItem","position":1,"name":"Home","item":"https:\/\/neel-trimarans-group.com\/"},{"@type":"ListItem","position":2,"name":"L&#8217;entreprise","item":"https:\/\/neel-trimarans-group.com\/fr\/entreprise\/"},{"@type":"ListItem","position":3,"name":"Recrutement","item":"https:\/\/neel-trimarans-group.com\/fr\/entreprise\/recrutement-2\/"},{"@type":"ListItem","position":4,"name":"Stagiaire Gestion de Projet Apr\u00e8s-Vente H\/F"}]},{"@type":"WebSite","@id":"https:\/\/neel-trimarans-group.com\/#website","url":"https:\/\/neel-trimarans-group.com\/","name":"NEEL-TRIMARANS-GROUP","description":"Just makes sense","publisher":{"@id":"https:\/\/neel-trimarans-group.com\/#organization"},"potentialAction":[{"@type":"SearchAction","target":{"@type":"EntryPoint","urlTemplate":"https:\/\/neel-trimarans-group.com\/?s={search_term_string}"},"query-input":{"@type":"PropertyValueSpecification","valueRequired":true,"valueName":"search_term_string"}}],"inLanguage":"fr-FR"},{"@type":"Organization","@id":"https:\/\/neel-trimarans-group.com\/#organization","name":"NEEL-TRIMARANS GROUP","url":"https:\/\/neel-trimarans-group.com\/","logo":{"@type":"ImageObject","inLanguage":"fr-FR","@id":"https:\/\/neel-trimarans-group.com\/#\/schema\/logo\/image\/","url":"","contentUrl":"","caption":"NEEL-TRIMARANS GROUP"},"image":{"@id":"https:\/\/neel-trimarans-group.com\/#\/schema\/logo\/image\/"},"sameAs":["https:\/\/www.facebook.com\/neeltrimarans\/","https:\/\/x.com\/neeltrimarans","https:\/\/www.instagram.com\/neeltrimarans_official\/","https:\/\/www.youtube.com\/channel\/UCAFnRZZiNuug-k9TNDH_sEw"]}]}},"_links":{"self":[{"href":"https:\/\/neel-trimarans-group.com\/fr\/wp-json\/wp\/v2\/pages\/15297","targetHints":{"allow":["GET"]}}],"collection":[{"href":"https:\/\/neel-trimarans-group.com\/fr\/wp-json\/wp\/v2\/pages"}],"about":[{"href":"https:\/\/neel-trimarans-group.com\/fr\/wp-json\/wp\/v2\/types\/page"}],"author":[{"embeddable":true,"href":"https:\/\/neel-trimarans-group.com\/fr\/wp-json\/wp\/v2\/users\/201"}],"replies":[{"embeddable":true,"href":"https:\/\/neel-trimarans-group.com\/fr\/wp-json\/wp\/v2\/comments?post=15297"}],"version-history":[{"count":11,"href":"https:\/\/neel-trimarans-group.com\/fr\/wp-json\/wp\/v2\/pages\/15297\/revisions"}],"predecessor-version":[{"id":15311,"href":"https:\/\/neel-trimarans-group.com\/fr\/wp-json\/wp\/v2\/pages\/15297\/revisions\/15311"}],"up":[{"embeddable":true,"href":"https:\/\/neel-trimarans-group.com\/fr\/wp-json\/wp\/v2\/pages\/8245"}],"wp:featuredmedia":[{"embeddable":true,"href":"https:\/\/neel-trimarans-group.com\/fr\/wp-json\/wp\/v2\/media\/13415"}],"wp:attachment":[{"href":"https:\/\/neel-trimarans-group.com\/fr\/wp-json\/wp\/v2\/media?parent=15297"}],"curies":[{"name":"wp","href":"https:\/\/api.w.org\/{rel}","templated":true}]}}