{"id":15109,"date":"2024-12-04T16:46:29","date_gmt":"2024-12-04T15:46:29","guid":{"rendered":"https:\/\/neel-trimarans-group.com\/?page_id=15109"},"modified":"2024-12-04T16:46:29","modified_gmt":"2024-12-04T15:46:29","slug":"plombier-nautique-h-f-cdd-2","status":"publish","type":"page","link":"https:\/\/neel-trimarans-group.com\/fr\/entreprise\/recrutement-2\/plombier-nautique-h-f-cdd-2\/","title":{"rendered":"Plombier nautique (H\/F) CDD"},"content":{"rendered":"\t\t<div data-elementor-type=\"wp-page\" data-elementor-id=\"15109\" class=\"elementor elementor-15109\" data-elementor-post-type=\"page\">\n\t\t\t\t\t\t<section class=\"elementor-section elementor-top-section elementor-element elementor-element-4131c4e elementor-section-boxed elementor-section-height-default elementor-section-height-default\" data-id=\"4131c4e\" data-element_type=\"section\">\n\t\t\t\t\t\t<div class=\"elementor-container elementor-column-gap-default\">\n\t\t\t\t\t<div class=\"elementor-column elementor-col-100 elementor-top-column elementor-element elementor-element-ee364d7\" data-id=\"ee364d7\" data-element_type=\"column\">\n\t\t\t<div class=\"elementor-widget-wrap elementor-element-populated\">\n\t\t\t\t\t\t<div class=\"elementor-element elementor-element-d24390f elementor-widget elementor-widget-text-editor\" data-id=\"d24390f\" data-element_type=\"widget\" data-widget_type=\"text-editor.default\">\n\t\t\t\t<div class=\"elementor-widget-container\">\n\t\t\t\t\t\t\t\t\t<p>Dans le cadre du d\u00e9veloppement de notre soci\u00e9t\u00e9, NEEL-TRIMARANS, leader mondial de la conception et de la construction de trimarans de croisi\u00e8re recrute un <strong>plombier nautique (H\/F)<\/strong> .<\/p><p>Au sein d\u2019une \u00e9quipe \u00e0 taille humaine et sous l\u2019impulsion du responsable atelier, vos missions\u00a0principales sont les suivantes :<\/p><ul><li>Poser et raccorder les \u00e9l\u00e9ments sanitaires ou \u00e9lectro-m\u00e9nagers<\/li><li>Installer et raccorder des r\u00e9seaux\u00a0: eaux douces, eaux grises, d\u00e9salinisation, r\u00e9servoirs, pompes&#8230;.<\/li><li>R\u00e9aliser l&#8217;entretien et la remise en \u00e9tat<\/li><li>R\u00e9aliser la pose de climatisation centrale et le r\u00e9seau de fluide, ventilation<\/li><li>Installer le r\u00e9seau gasoil (supports, r\u00e9servoir, filtre, tuyaux, etc..) et de refroidissement,<\/li><li>R\u00e9aliser la pose de moteurs et syst\u00e8mes m\u00e9caniques complexes<\/li><li>Installer les r\u00e9seaux hydrauliques simples en fonction des sp\u00e9cificit\u00e9s du bateau, pompes et tuyauterie d&#8217;ass\u00e8chement<\/li><\/ul><p>Le profil recherch\u00e9 :<br \/>Vous justifiez d\u2019une exp\u00e9rience significative de deux ans sur un poste similaire.<\/p><ul><li>Vous \u00eates titulaire d\u2019une formation manuelle telles BEP &#8211; CAP &#8211; BAC PRO &#8211; BTS Plomberie ou installateur sanitaires, CAP\/ BEP\/ BAC en maintenance navale, m\u00e9canique ou installation thermique.<\/li><li>Vous justifiez d\u2019une exp\u00e9rience significative d\u2019au moins deux ans sur un poste similaire dans le nautisme<\/li><li>Vous savez lire les plans et documents de travail.<\/li><\/ul><p>D\u2019un naturel minutieux, autonome, vous \u00eates manuel et aimez travailler en \u00e9quipe. Votre rigueur, votre minutie et votre volont\u00e9 de vous investir durablement dans votre m\u00e9tier vous permettront de r\u00e9ussir dans cette fonction.<\/p><p><strong>Infos compl\u00e9mentaires :<\/strong><\/p><ul><li>CDD, temps plein (39h)<\/li><li>Poste \u00e0 pourvoir\u00a0imm\u00e9diatement<\/li><li>Salaire suivant exp\u00e9rience<\/li><li>Les horaires de travail sont en journ\u00e9e<\/li><\/ul><p>Vous souhaitez int\u00e9grer une entreprise dynamique et en pleine croissance, alors adressez-nous votre candidature : CV + lettre de motivation via le formulaire ci-dessous.<\/p><p><em>Notre politique de recrutement est engag\u00e9e en faveur de l\u2019int\u00e9gration des travailleurs en situation de handicap.<\/em><\/p>\t\t\t\t\t\t\t\t<\/div>\n\t\t\t\t<\/div>\n\t\t\t\t\t<\/div>\n\t\t<\/div>\n\t\t\t\t\t<\/div>\n\t\t<\/section>\n\t\t\t\t<section class=\"elementor-section elementor-top-section elementor-element elementor-element-8cb851f elementor-section-boxed elementor-section-height-default elementor-section-height-default\" data-id=\"8cb851f\" data-element_type=\"section\">\n\t\t\t\t\t\t<div class=\"elementor-container elementor-column-gap-default\">\n\t\t\t\t\t<div class=\"elementor-column elementor-col-100 elementor-top-column elementor-element elementor-element-ceb4b06\" data-id=\"ceb4b06\" data-element_type=\"column\">\n\t\t\t<div class=\"elementor-widget-wrap elementor-element-populated\">\n\t\t\t\t\t\t<div class=\"elementor-element elementor-element-e2deeb4 elementor-widget elementor-widget-tp-contact-form-7\" data-id=\"e2deeb4\" data-element_type=\"widget\" data-widget_type=\"tp-contact-form-7.default\">\n\t\t\t\t<div class=\"elementor-widget-container\">\n\t\t\t\t\t<div class=\"theplus-contact-form plus-cf7-custom  text-center    after \" >\n<div class=\"wpcf7 no-js\" id=\"wpcf7-f3282-p15109-o1\" lang=\"fr-FR\" dir=\"ltr\" data-wpcf7-id=\"3282\">\n<div class=\"screen-reader-response\"><p role=\"status\" aria-live=\"polite\" aria-atomic=\"true\"><\/p> <ul><\/ul><\/div>\n<form action=\"\/fr\/entreprise\/recrutement-2\/plombier-nautique-h-f-cdd-2\/#wpcf7-f3282-p15109-o1\" method=\"post\" class=\"wpcf7-form init\" aria-label=\"Formulaire de contact\" enctype=\"multipart\/form-data\" novalidate=\"novalidate\" data-status=\"init\">\n<fieldset class=\"hidden-fields-container\"><input type=\"hidden\" name=\"_wpcf7\" value=\"3282\" \/><input type=\"hidden\" name=\"_wpcf7_version\" value=\"6.1.5\" \/><input type=\"hidden\" name=\"_wpcf7_locale\" value=\"fr_FR\" \/><input type=\"hidden\" name=\"_wpcf7_unit_tag\" value=\"wpcf7-f3282-p15109-o1\" \/><input type=\"hidden\" name=\"_wpcf7_container_post\" value=\"15109\" \/><input type=\"hidden\" name=\"_wpcf7_posted_data_hash\" value=\"\" \/><input type=\"hidden\" name=\"_wpcf7dtx_version\" value=\"5.0.5\" \/><input type=\"hidden\" name=\"_wpcf7_recaptcha_response\" value=\"\" \/>\n<\/fieldset>\n<div class=\"left_50\">\n    <label>Nom*<\/label>\n    <span class=\"wpcf7-form-control-wrap\" data-name=\"your-name\"><input size=\"40\" maxlength=\"400\" class=\"wpcf7-form-control wpcf7-text wpcf7-validates-as-required\" aria-required=\"true\" aria-invalid=\"false\" value=\"\" type=\"text\" name=\"your-name\" \/><\/span>\n<\/div>\n<div class=\"right_50\">\n    <label>Pr\u00e9nom*<\/label>\n    <span class=\"wpcf7-form-control-wrap\" data-name=\"your-prenom\"><input size=\"40\" maxlength=\"400\" class=\"wpcf7-form-control wpcf7-text wpcf7-validates-as-required\" aria-required=\"true\" aria-invalid=\"false\" value=\"\" type=\"text\" name=\"your-prenom\" \/><\/span>\n<\/div>\n\n\n<div class=\"left_50\">\n    <label>Email*<\/label>\n    <span class=\"wpcf7-form-control-wrap\" data-name=\"email\"><input size=\"40\" maxlength=\"400\" class=\"wpcf7-form-control wpcf7-email wpcf7-validates-as-required wpcf7-text wpcf7-validates-as-email\" aria-required=\"true\" aria-invalid=\"false\" value=\"\" type=\"email\" name=\"email\" \/><\/span>\n<\/div>\n<div class=\"right_50\">\n    <label>T\u00e9l\u00e9phone*<\/label>\n    <span class=\"wpcf7-form-control-wrap\" data-name=\"phone\"><input size=\"40\" maxlength=\"400\" class=\"wpcf7-form-control wpcf7-text wpcf7-validates-as-required\" aria-required=\"true\" aria-invalid=\"false\" value=\"\" type=\"text\" name=\"phone\" \/><\/span>\n<\/div>\n\n\n\n<div class=\"left_50\">\n    <label>Ville*<\/label>\n    <span class=\"wpcf7-form-control-wrap\" data-name=\"ville\"><input size=\"40\" maxlength=\"400\" class=\"wpcf7-form-control wpcf7-text wpcf7-validates-as-required\" aria-required=\"true\" aria-invalid=\"false\" value=\"\" type=\"text\" name=\"ville\" \/><\/span>\n<\/div>\n<div class=\"right_50\">\n    <label>Poste recherch\u00e9*<\/label>\n    <span class=\"wpcf7-form-control-wrap\" data-name=\"job\"><input size=\"40\" maxlength=\"400\" class=\"wpcf7-form-control wpcf7-text wpcf7-validates-as-required\" aria-required=\"true\" aria-invalid=\"false\" value=\"\" type=\"text\" name=\"job\" \/><\/span>\n<\/div>\n\n\n<div class=\"center_100\">\n    <label>Message*<\/label>\n    <span class=\"wpcf7-form-control-wrap\" data-name=\"your-message\"><textarea cols=\"40\" rows=\"10\" maxlength=\"2000\" class=\"wpcf7-form-control wpcf7-textarea wpcf7-validates-as-required\" aria-required=\"true\" aria-invalid=\"false\" name=\"your-message\"><\/textarea><\/span>\n<\/div>\n\n<div class=\"left_50\">\n    <label>Votre CV<\/label>\n<span class=\"wpcf7-form-control-wrap\" data-name=\"file-CV\"><input size=\"40\" class=\"wpcf7-form-control wpcf7-file\" accept=\"image\/*,.txt,application\/pdf\" aria-invalid=\"false\" type=\"file\" name=\"file-CV\" \/><\/span>\n<\/div>\n<div class=\"right_50\">\n    <label>Votre lettre de motivation<\/label>\n<span class=\"wpcf7-form-control-wrap\" data-name=\"file-lettre\"><input size=\"40\" class=\"wpcf7-form-control wpcf7-file\" accept=\"image\/*,.txt,application\/pdf\" aria-invalid=\"false\" type=\"file\" name=\"file-lettre\" \/><\/span>\n\n\n<\/div>\n\n<div class=\"center_100\">\n <small style=\"font-size:12px;font-weight:100;\"><span class=\"wpcf7-form-control-wrap\" data-name=\"checkbox-27\"><span class=\"wpcf7-form-control wpcf7-checkbox wpcf7-validates-as-required wpcf7-exclusive-checkbox\"><span class=\"wpcf7-list-item first last\"><label><input type=\"checkbox\" name=\"checkbox-27\" value=\"En soumettant ce formulaire j\u2019accepte que les informations saisies soient exploit\u00e9es dans le cadre de la demande de contact\" \/><span class=\"wpcf7-list-item-label\">En soumettant ce formulaire j\u2019accepte que les informations saisies soient exploit\u00e9es dans le cadre de la demande de contact<\/span><\/label><\/span><\/span><\/span><\/small>\n<\/div>\n\n\n<div class=\"center_100\">\n<input class=\"wpcf7-form-control wpcf7-submit has-spinner\" type=\"submit\" value=\"Envoyer\" \/>\n<\/div><div class=\"wpcf7-response-output\" aria-hidden=\"true\"><\/div>\n<\/form>\n<\/div>\n<\/div>\t\t\t\t<\/div>\n\t\t\t\t<\/div>\n\t\t\t\t\t<\/div>\n\t\t<\/div>\n\t\t\t\t\t<\/div>\n\t\t<\/section>\n\t\t\t\t<\/div>\n\t\t","protected":false},"excerpt":{"rendered":"<p>Dans le cadre du d\u00e9veloppement de notre soci\u00e9t\u00e9, NEEL-TRIMARANS, leader mondial de la conception et de la construction de trimarans de croisi\u00e8re recrute un plombier nautique (H\/F) . Au sein d\u2019une \u00e9quipe \u00e0 taille humaine et sous l\u2019impulsion du responsable atelier, vos missions\u00a0principales sont les suivantes : Poser et raccorder les \u00e9l\u00e9ments sanitaires ou \u00e9lectro-m\u00e9nagers [&hellip;]<\/p>\n","protected":false},"author":190,"featured_media":11891,"parent":8245,"menu_order":0,"comment_status":"closed","ping_status":"closed","template":"page_content_neel.php","meta":{"_acf_changed":false,"footnotes":""},"class_list":["post-15109","page","type-page","status-publish","has-post-thumbnail","hentry"],"acf":[],"yoast_head":"<!-- This site is optimized with the Yoast SEO plugin v27.3 - https:\/\/yoast.com\/product\/yoast-seo-wordpress\/ -->\n<title>Plombier nautique (H\/F) CDD - NEEL-TRIMARANS-GROUP<\/title>\n<meta name=\"description\" content=\"NEEL-TRIMARANS recrute \u00e0 La Rochelle un stratifieur \/ drapeur, homme ou femme. D\u00e9posez votre CV et lettre de motivation en ligne.\" \/>\n<meta name=\"robots\" content=\"index, follow, max-snippet:-1, max-image-preview:large, max-video-preview:-1\" \/>\n<link rel=\"canonical\" href=\"https:\/\/neel-trimarans-group.com\/fr\/entreprise\/recrutement-2\/plombier-nautique-h-f-cdd-2\/\" \/>\n<meta property=\"og:locale\" content=\"fr_FR\" \/>\n<meta property=\"og:type\" content=\"article\" \/>\n<meta property=\"og:title\" content=\"Plombier nautique (H\/F) CDD - NEEL-TRIMARANS-GROUP\" \/>\n<meta property=\"og:description\" content=\"NEEL-TRIMARANS recrute \u00e0 La Rochelle un stratifieur \/ drapeur, homme ou femme. D\u00e9posez votre CV et lettre de motivation en ligne.\" \/>\n<meta property=\"og:url\" content=\"https:\/\/neel-trimarans-group.com\/fr\/entreprise\/recrutement-2\/plombier-nautique-h-f-cdd-2\/\" \/>\n<meta property=\"og:site_name\" content=\"NEEL-TRIMARANS-GROUP\" \/>\n<meta property=\"article:publisher\" content=\"https:\/\/www.facebook.com\/neeltrimarans\/\" \/>\n<meta property=\"og:image\" content=\"http:\/\/neel-trimarans-group.com\/wp-content\/uploads\/2021\/05\/plombier-nautique-h-f-scaled.jpg\" \/>\n\t<meta property=\"og:image:width\" content=\"2560\" \/>\n\t<meta property=\"og:image:height\" content=\"1161\" \/>\n\t<meta property=\"og:image:type\" content=\"image\/jpeg\" \/>\n<meta name=\"twitter:card\" content=\"summary_large_image\" \/>\n<meta name=\"twitter:site\" content=\"@neeltrimarans\" \/>\n<meta name=\"twitter:label1\" content=\"Dur\u00e9e de lecture estim\u00e9e\" \/>\n\t<meta name=\"twitter:data1\" content=\"2 minutes\" \/>\n<script type=\"application\/ld+json\" class=\"yoast-schema-graph\">{\"@context\":\"https:\\\/\\\/schema.org\",\"@graph\":[{\"@type\":\"WebPage\",\"@id\":\"https:\\\/\\\/neel-trimarans-group.com\\\/fr\\\/entreprise\\\/recrutement-2\\\/plombier-nautique-h-f-cdd-2\\\/\",\"url\":\"https:\\\/\\\/neel-trimarans-group.com\\\/fr\\\/entreprise\\\/recrutement-2\\\/plombier-nautique-h-f-cdd-2\\\/\",\"name\":\"Plombier nautique (H\\\/F) CDD - NEEL-TRIMARANS-GROUP\",\"isPartOf\":{\"@id\":\"https:\\\/\\\/neel-trimarans-group.com\\\/#website\"},\"primaryImageOfPage\":{\"@id\":\"https:\\\/\\\/neel-trimarans-group.com\\\/fr\\\/entreprise\\\/recrutement-2\\\/plombier-nautique-h-f-cdd-2\\\/#primaryimage\"},\"image\":{\"@id\":\"https:\\\/\\\/neel-trimarans-group.com\\\/fr\\\/entreprise\\\/recrutement-2\\\/plombier-nautique-h-f-cdd-2\\\/#primaryimage\"},\"thumbnailUrl\":\"https:\\\/\\\/neel-trimarans-group.com\\\/wp-content\\\/uploads\\\/2021\\\/05\\\/plombier-nautique-h-f-scaled.jpg\",\"datePublished\":\"2024-12-04T15:46:29+00:00\",\"description\":\"NEEL-TRIMARANS recrute \u00e0 La Rochelle un stratifieur \\\/ drapeur, homme ou femme. D\u00e9posez votre CV et lettre de motivation en ligne.\",\"breadcrumb\":{\"@id\":\"https:\\\/\\\/neel-trimarans-group.com\\\/fr\\\/entreprise\\\/recrutement-2\\\/plombier-nautique-h-f-cdd-2\\\/#breadcrumb\"},\"inLanguage\":\"fr-FR\",\"potentialAction\":[{\"@type\":\"ReadAction\",\"target\":[\"https:\\\/\\\/neel-trimarans-group.com\\\/fr\\\/entreprise\\\/recrutement-2\\\/plombier-nautique-h-f-cdd-2\\\/\"]}]},{\"@type\":\"ImageObject\",\"inLanguage\":\"fr-FR\",\"@id\":\"https:\\\/\\\/neel-trimarans-group.com\\\/fr\\\/entreprise\\\/recrutement-2\\\/plombier-nautique-h-f-cdd-2\\\/#primaryimage\",\"url\":\"https:\\\/\\\/neel-trimarans-group.com\\\/wp-content\\\/uploads\\\/2021\\\/05\\\/plombier-nautique-h-f-scaled.jpg\",\"contentUrl\":\"https:\\\/\\\/neel-trimarans-group.com\\\/wp-content\\\/uploads\\\/2021\\\/05\\\/plombier-nautique-h-f-scaled.jpg\",\"width\":2560,\"height\":1161,\"caption\":\"Plombier nautique (H\\\/F)\"},{\"@type\":\"BreadcrumbList\",\"@id\":\"https:\\\/\\\/neel-trimarans-group.com\\\/fr\\\/entreprise\\\/recrutement-2\\\/plombier-nautique-h-f-cdd-2\\\/#breadcrumb\",\"itemListElement\":[{\"@type\":\"ListItem\",\"position\":1,\"name\":\"Home\",\"item\":\"https:\\\/\\\/neel-trimarans-group.com\\\/\"},{\"@type\":\"ListItem\",\"position\":2,\"name\":\"L&#8217;entreprise\",\"item\":\"https:\\\/\\\/neel-trimarans-group.com\\\/fr\\\/entreprise\\\/\"},{\"@type\":\"ListItem\",\"position\":3,\"name\":\"Recrutement\",\"item\":\"https:\\\/\\\/neel-trimarans-group.com\\\/fr\\\/entreprise\\\/recrutement-2\\\/\"},{\"@type\":\"ListItem\",\"position\":4,\"name\":\"Plombier nautique (H\\\/F) CDD\"}]},{\"@type\":\"WebSite\",\"@id\":\"https:\\\/\\\/neel-trimarans-group.com\\\/#website\",\"url\":\"https:\\\/\\\/neel-trimarans-group.com\\\/\",\"name\":\"NEEL-TRIMARANS-GROUP\",\"description\":\"Just makes sense\",\"publisher\":{\"@id\":\"https:\\\/\\\/neel-trimarans-group.com\\\/#organization\"},\"potentialAction\":[{\"@type\":\"SearchAction\",\"target\":{\"@type\":\"EntryPoint\",\"urlTemplate\":\"https:\\\/\\\/neel-trimarans-group.com\\\/?s={search_term_string}\"},\"query-input\":{\"@type\":\"PropertyValueSpecification\",\"valueRequired\":true,\"valueName\":\"search_term_string\"}}],\"inLanguage\":\"fr-FR\"},{\"@type\":\"Organization\",\"@id\":\"https:\\\/\\\/neel-trimarans-group.com\\\/#organization\",\"name\":\"NEEL-TRIMARANS GROUP\",\"url\":\"https:\\\/\\\/neel-trimarans-group.com\\\/\",\"logo\":{\"@type\":\"ImageObject\",\"inLanguage\":\"fr-FR\",\"@id\":\"https:\\\/\\\/neel-trimarans-group.com\\\/#\\\/schema\\\/logo\\\/image\\\/\",\"url\":\"\",\"contentUrl\":\"\",\"caption\":\"NEEL-TRIMARANS GROUP\"},\"image\":{\"@id\":\"https:\\\/\\\/neel-trimarans-group.com\\\/#\\\/schema\\\/logo\\\/image\\\/\"},\"sameAs\":[\"https:\\\/\\\/www.facebook.com\\\/neeltrimarans\\\/\",\"https:\\\/\\\/x.com\\\/neeltrimarans\",\"https:\\\/\\\/www.instagram.com\\\/neeltrimarans_official\\\/\",\"https:\\\/\\\/www.youtube.com\\\/channel\\\/UCAFnRZZiNuug-k9TNDH_sEw\"]}]}<\/script>\n<!-- \/ Yoast SEO plugin. -->","yoast_head_json":{"title":"Plombier nautique (H\/F) CDD - NEEL-TRIMARANS-GROUP","description":"NEEL-TRIMARANS recrute \u00e0 La Rochelle un stratifieur \/ drapeur, homme ou femme. D\u00e9posez votre CV et lettre de motivation en ligne.","robots":{"index":"index","follow":"follow","max-snippet":"max-snippet:-1","max-image-preview":"max-image-preview:large","max-video-preview":"max-video-preview:-1"},"canonical":"https:\/\/neel-trimarans-group.com\/fr\/entreprise\/recrutement-2\/plombier-nautique-h-f-cdd-2\/","og_locale":"fr_FR","og_type":"article","og_title":"Plombier nautique (H\/F) CDD - NEEL-TRIMARANS-GROUP","og_description":"NEEL-TRIMARANS recrute \u00e0 La Rochelle un stratifieur \/ drapeur, homme ou femme. D\u00e9posez votre CV et lettre de motivation en ligne.","og_url":"https:\/\/neel-trimarans-group.com\/fr\/entreprise\/recrutement-2\/plombier-nautique-h-f-cdd-2\/","og_site_name":"NEEL-TRIMARANS-GROUP","article_publisher":"https:\/\/www.facebook.com\/neeltrimarans\/","og_image":[{"width":2560,"height":1161,"url":"http:\/\/neel-trimarans-group.com\/wp-content\/uploads\/2021\/05\/plombier-nautique-h-f-scaled.jpg","type":"image\/jpeg"}],"twitter_card":"summary_large_image","twitter_site":"@neeltrimarans","twitter_misc":{"Dur\u00e9e de lecture estim\u00e9e":"2 minutes"},"schema":{"@context":"https:\/\/schema.org","@graph":[{"@type":"WebPage","@id":"https:\/\/neel-trimarans-group.com\/fr\/entreprise\/recrutement-2\/plombier-nautique-h-f-cdd-2\/","url":"https:\/\/neel-trimarans-group.com\/fr\/entreprise\/recrutement-2\/plombier-nautique-h-f-cdd-2\/","name":"Plombier nautique (H\/F) CDD - NEEL-TRIMARANS-GROUP","isPartOf":{"@id":"https:\/\/neel-trimarans-group.com\/#website"},"primaryImageOfPage":{"@id":"https:\/\/neel-trimarans-group.com\/fr\/entreprise\/recrutement-2\/plombier-nautique-h-f-cdd-2\/#primaryimage"},"image":{"@id":"https:\/\/neel-trimarans-group.com\/fr\/entreprise\/recrutement-2\/plombier-nautique-h-f-cdd-2\/#primaryimage"},"thumbnailUrl":"https:\/\/neel-trimarans-group.com\/wp-content\/uploads\/2021\/05\/plombier-nautique-h-f-scaled.jpg","datePublished":"2024-12-04T15:46:29+00:00","description":"NEEL-TRIMARANS recrute \u00e0 La Rochelle un stratifieur \/ drapeur, homme ou femme. D\u00e9posez votre CV et lettre de motivation en ligne.","breadcrumb":{"@id":"https:\/\/neel-trimarans-group.com\/fr\/entreprise\/recrutement-2\/plombier-nautique-h-f-cdd-2\/#breadcrumb"},"inLanguage":"fr-FR","potentialAction":[{"@type":"ReadAction","target":["https:\/\/neel-trimarans-group.com\/fr\/entreprise\/recrutement-2\/plombier-nautique-h-f-cdd-2\/"]}]},{"@type":"ImageObject","inLanguage":"fr-FR","@id":"https:\/\/neel-trimarans-group.com\/fr\/entreprise\/recrutement-2\/plombier-nautique-h-f-cdd-2\/#primaryimage","url":"https:\/\/neel-trimarans-group.com\/wp-content\/uploads\/2021\/05\/plombier-nautique-h-f-scaled.jpg","contentUrl":"https:\/\/neel-trimarans-group.com\/wp-content\/uploads\/2021\/05\/plombier-nautique-h-f-scaled.jpg","width":2560,"height":1161,"caption":"Plombier nautique (H\/F)"},{"@type":"BreadcrumbList","@id":"https:\/\/neel-trimarans-group.com\/fr\/entreprise\/recrutement-2\/plombier-nautique-h-f-cdd-2\/#breadcrumb","itemListElement":[{"@type":"ListItem","position":1,"name":"Home","item":"https:\/\/neel-trimarans-group.com\/"},{"@type":"ListItem","position":2,"name":"L&#8217;entreprise","item":"https:\/\/neel-trimarans-group.com\/fr\/entreprise\/"},{"@type":"ListItem","position":3,"name":"Recrutement","item":"https:\/\/neel-trimarans-group.com\/fr\/entreprise\/recrutement-2\/"},{"@type":"ListItem","position":4,"name":"Plombier nautique (H\/F) CDD"}]},{"@type":"WebSite","@id":"https:\/\/neel-trimarans-group.com\/#website","url":"https:\/\/neel-trimarans-group.com\/","name":"NEEL-TRIMARANS-GROUP","description":"Just makes sense","publisher":{"@id":"https:\/\/neel-trimarans-group.com\/#organization"},"potentialAction":[{"@type":"SearchAction","target":{"@type":"EntryPoint","urlTemplate":"https:\/\/neel-trimarans-group.com\/?s={search_term_string}"},"query-input":{"@type":"PropertyValueSpecification","valueRequired":true,"valueName":"search_term_string"}}],"inLanguage":"fr-FR"},{"@type":"Organization","@id":"https:\/\/neel-trimarans-group.com\/#organization","name":"NEEL-TRIMARANS GROUP","url":"https:\/\/neel-trimarans-group.com\/","logo":{"@type":"ImageObject","inLanguage":"fr-FR","@id":"https:\/\/neel-trimarans-group.com\/#\/schema\/logo\/image\/","url":"","contentUrl":"","caption":"NEEL-TRIMARANS GROUP"},"image":{"@id":"https:\/\/neel-trimarans-group.com\/#\/schema\/logo\/image\/"},"sameAs":["https:\/\/www.facebook.com\/neeltrimarans\/","https:\/\/x.com\/neeltrimarans","https:\/\/www.instagram.com\/neeltrimarans_official\/","https:\/\/www.youtube.com\/channel\/UCAFnRZZiNuug-k9TNDH_sEw"]}]}},"_links":{"self":[{"href":"https:\/\/neel-trimarans-group.com\/fr\/wp-json\/wp\/v2\/pages\/15109","targetHints":{"allow":["GET"]}}],"collection":[{"href":"https:\/\/neel-trimarans-group.com\/fr\/wp-json\/wp\/v2\/pages"}],"about":[{"href":"https:\/\/neel-trimarans-group.com\/fr\/wp-json\/wp\/v2\/types\/page"}],"author":[{"embeddable":true,"href":"https:\/\/neel-trimarans-group.com\/fr\/wp-json\/wp\/v2\/users\/190"}],"replies":[{"embeddable":true,"href":"https:\/\/neel-trimarans-group.com\/fr\/wp-json\/wp\/v2\/comments?post=15109"}],"version-history":[{"count":2,"href":"https:\/\/neel-trimarans-group.com\/fr\/wp-json\/wp\/v2\/pages\/15109\/revisions"}],"predecessor-version":[{"id":15503,"href":"https:\/\/neel-trimarans-group.com\/fr\/wp-json\/wp\/v2\/pages\/15109\/revisions\/15503"}],"up":[{"embeddable":true,"href":"https:\/\/neel-trimarans-group.com\/fr\/wp-json\/wp\/v2\/pages\/8245"}],"wp:featuredmedia":[{"embeddable":true,"href":"https:\/\/neel-trimarans-group.com\/fr\/wp-json\/wp\/v2\/media\/11891"}],"wp:attachment":[{"href":"https:\/\/neel-trimarans-group.com\/fr\/wp-json\/wp\/v2\/media?parent=15109"}],"curies":[{"name":"wp","href":"https:\/\/api.w.org\/{rel}","templated":true}]}}