{"id":14842,"date":"2023-11-14T11:01:20","date_gmt":"2023-11-14T10:01:20","guid":{"rendered":"https:\/\/neel-trimarans-group.com\/?page_id=14842"},"modified":"2023-11-14T11:01:20","modified_gmt":"2023-11-14T10:01:20","slug":"stagiaire-approvisionnement-h-f","status":"publish","type":"page","link":"https:\/\/neel-trimarans-group.com\/fr\/entreprise\/recrutement-2\/stagiaire-approvisionnement-h-f\/","title":{"rendered":"Stagiaire Approvisionnement\/Achats (H\/F)"},"content":{"rendered":"\t\t<div data-elementor-type=\"wp-page\" data-elementor-id=\"14842\" class=\"elementor elementor-14842\" data-elementor-post-type=\"page\">\n\t\t\t\t\t\t<section class=\"elementor-section elementor-top-section elementor-element elementor-element-b5a5455 elementor-section-boxed elementor-section-height-default elementor-section-height-default\" data-id=\"b5a5455\" data-element_type=\"section\">\n\t\t\t\t\t\t<div class=\"elementor-container elementor-column-gap-default\">\n\t\t\t\t\t<div class=\"elementor-column elementor-col-100 elementor-top-column elementor-element elementor-element-cdcd6a9\" data-id=\"cdcd6a9\" data-element_type=\"column\">\n\t\t\t<div class=\"elementor-widget-wrap elementor-element-populated\">\n\t\t\t\t\t\t<div class=\"elementor-element elementor-element-4553347 elementor-widget elementor-widget-text-editor\" data-id=\"4553347\" data-element_type=\"widget\" data-widget_type=\"text-editor.default\">\n\t\t\t\t<div class=\"elementor-widget-container\">\n\t\t\t\t\t\t\t\t\t<p>Notre soci\u00e9t\u00e9 fran\u00e7aise, <strong>leader mondial<\/strong> de la conception, de la construction et de la commercialisation de trimarans de plaisance (voilier et moteur) et sp\u00e9cialiste de la location et de la gestion locative de trimarans, recherche un <strong>Stagiaire Approvisionnement\/Achats H\/F<\/strong>, poste bas\u00e9 \u00e0 La Rochelle.<\/p><h2>Description d\u00e9taill\u00e9e du poste :<\/h2><p>Rattach\u00e9(e) au Directeur des achats, vous aurez pour mission d\u2019assurer le suivi des commandes et de la cha\u00eene logistique des mati\u00e8res premi\u00e8res n\u00e9cessaires \u00e0 la r\u00e9alisation et l&#8217;\u00e9quipement de nos bateaux pour les sites de La Rochelle et P\u00e9rigny.<\/p><p>\u00c0 ce titre, vos principales missions sont les suivantes :<\/p><ul><li>Suivre les commandes dans l\u2019ERP et le circuit logistique jusqu\u2019\u00e0 livraison dans les ateliers<\/li><li>Suivre les plannings de livraisons des fournisseurs et veiller \u00e0 leur respect.<\/li><li>Proc\u00e9der aux alertes en cas de ralentissement de la cha\u00eene, d\u00e9lai de livraison et\/ou rupture de stock<\/li><li>Apporter un soutien \u00e0 l\u2019\u00e9quipe en termes de gestion des stocks et commandes<\/li><li>Suivre les non-conformit\u00e9s<\/li><li>Assurer un suivi r\u00e9gulier aupr\u00e8s des responsables d\u2019atelier<\/li><\/ul><h2>Le profil recherch\u00e9\u00a0:<\/h2><p>\u00c9tudiant(e) motiv\u00e9(e), vous pr\u00e9parez un Master en Approvisionnement ou Achats et vous souhaitez r\u00e9aliser un stage de longue dur\u00e9e id\u00e9alement, de fin d&#8217;\u00e9tudes &#8211; 6 mois dans ce domaine.<\/p><p>D\u2019un naturel dynamique et volontaire, vous aimez travailler en \u00e9quipe.<br \/>Votre rigueur, votre sens de l&#8217;organisation ainsi que votre aisance relationnelle sont les qualit\u00e9s qui vous permettront de r\u00e9ussir dans cette fonction.<\/p><p>Vous ma\u00eetrisez les outils informatiques\u00a0: Pack Office, ERP.<\/p><h2>Infos compl\u00e9mentaires\u00a0:<\/h2><ul><li>Type de poste : Stage &#8211; 35H<\/li><li>Localit\u00e9 : La Rochelle<\/li><li>Indemnit\u00e9 de stage conventionnelle<\/li><\/ul><p>Vous souhaitez int\u00e9grer\u00a0<a href=\"https:\/\/neel-trimarans-group.com\/fr\/entreprise\/recrutement\/\">neel-trimarans-group.com<\/a>, une entreprise <strong>dynamique<\/strong> et en pleine croissance, alors adressez-nous votre CV et lettre de motivation.<\/p><p><em>Notre politique de recrutement est engag\u00e9e en faveur de l\u2019int\u00e9gration des travailleurs en situation de handicap.<\/em><\/p>\t\t\t\t\t\t\t\t<\/div>\n\t\t\t\t<\/div>\n\t\t\t\t<div class=\"elementor-element elementor-element-0d1349f elementor-widget elementor-widget-text-editor\" data-id=\"0d1349f\" data-element_type=\"widget\" data-widget_type=\"text-editor.default\">\n\t\t\t\t<div class=\"elementor-widget-container\">\n\t\t\t\t\t\t\t\t\t<p>\n<div class=\"wpcf7 no-js\" id=\"wpcf7-f3282-o1\" lang=\"fr-FR\" dir=\"ltr\" data-wpcf7-id=\"3282\">\n<div class=\"screen-reader-response\"><p role=\"status\" aria-live=\"polite\" aria-atomic=\"true\"><\/p> <ul><\/ul><\/div>\n<form action=\"\/fr\/wp-json\/wp\/v2\/pages\/14842#wpcf7-f3282-o1\" method=\"post\" class=\"wpcf7-form init\" aria-label=\"Formulaire de contact\" enctype=\"multipart\/form-data\" novalidate=\"novalidate\" data-status=\"init\">\n<fieldset class=\"hidden-fields-container\"><input type=\"hidden\" name=\"_wpcf7\" value=\"3282\" \/><input type=\"hidden\" name=\"_wpcf7_version\" value=\"6.1.5\" \/><input type=\"hidden\" name=\"_wpcf7_locale\" value=\"fr_FR\" \/><input type=\"hidden\" name=\"_wpcf7_unit_tag\" value=\"wpcf7-f3282-o1\" \/><input type=\"hidden\" name=\"_wpcf7_container_post\" value=\"0\" \/><input type=\"hidden\" name=\"_wpcf7_posted_data_hash\" value=\"\" \/><input type=\"hidden\" name=\"_wpcf7dtx_version\" value=\"5.0.5\" \/><input type=\"hidden\" name=\"_wpcf7_recaptcha_response\" value=\"\" \/>\n<\/fieldset>\n<div class=\"left_50\">\n    <label>Nom*<\/label>\n    <span class=\"wpcf7-form-control-wrap\" data-name=\"your-name\"><input size=\"40\" maxlength=\"400\" class=\"wpcf7-form-control wpcf7-text wpcf7-validates-as-required\" aria-required=\"true\" aria-invalid=\"false\" value=\"\" type=\"text\" name=\"your-name\" \/><\/span>\n<\/div>\n<div class=\"right_50\">\n    <label>Pr\u00e9nom*<\/label>\n    <span class=\"wpcf7-form-control-wrap\" data-name=\"your-prenom\"><input size=\"40\" maxlength=\"400\" class=\"wpcf7-form-control wpcf7-text wpcf7-validates-as-required\" aria-required=\"true\" aria-invalid=\"false\" value=\"\" type=\"text\" name=\"your-prenom\" \/><\/span>\n<\/div>\n\n\n<div class=\"left_50\">\n    <label>Email*<\/label>\n    <span class=\"wpcf7-form-control-wrap\" data-name=\"email\"><input size=\"40\" maxlength=\"400\" class=\"wpcf7-form-control wpcf7-email wpcf7-validates-as-required wpcf7-text wpcf7-validates-as-email\" aria-required=\"true\" aria-invalid=\"false\" value=\"\" type=\"email\" name=\"email\" \/><\/span>\n<\/div>\n<div class=\"right_50\">\n    <label>T\u00e9l\u00e9phone*<\/label>\n    <span class=\"wpcf7-form-control-wrap\" data-name=\"phone\"><input size=\"40\" maxlength=\"400\" class=\"wpcf7-form-control wpcf7-text wpcf7-validates-as-required\" aria-required=\"true\" aria-invalid=\"false\" value=\"\" type=\"text\" name=\"phone\" \/><\/span>\n<\/div>\n\n\n\n<div class=\"left_50\">\n    <label>Ville*<\/label>\n    <span class=\"wpcf7-form-control-wrap\" data-name=\"ville\"><input size=\"40\" maxlength=\"400\" class=\"wpcf7-form-control wpcf7-text wpcf7-validates-as-required\" aria-required=\"true\" aria-invalid=\"false\" value=\"\" type=\"text\" name=\"ville\" \/><\/span>\n<\/div>\n<div class=\"right_50\">\n    <label>Poste recherch\u00e9*<\/label>\n    <span class=\"wpcf7-form-control-wrap\" data-name=\"job\"><input size=\"40\" maxlength=\"400\" class=\"wpcf7-form-control wpcf7-text wpcf7-validates-as-required\" aria-required=\"true\" aria-invalid=\"false\" value=\"\" type=\"text\" name=\"job\" \/><\/span>\n<\/div>\n\n\n<div class=\"center_100\">\n    <label>Message*<\/label>\n    <span class=\"wpcf7-form-control-wrap\" data-name=\"your-message\"><textarea cols=\"40\" rows=\"10\" maxlength=\"2000\" class=\"wpcf7-form-control wpcf7-textarea wpcf7-validates-as-required\" aria-required=\"true\" aria-invalid=\"false\" name=\"your-message\"><\/textarea><\/span>\n<\/div>\n\n<div class=\"left_50\">\n    <label>Votre CV<\/label>\n<span class=\"wpcf7-form-control-wrap\" data-name=\"file-CV\"><input size=\"40\" class=\"wpcf7-form-control wpcf7-file\" accept=\"image\/*,.txt,application\/pdf\" aria-invalid=\"false\" type=\"file\" name=\"file-CV\" \/><\/span>\n<\/div>\n<div class=\"right_50\">\n    <label>Votre lettre de motivation<\/label>\n<span class=\"wpcf7-form-control-wrap\" data-name=\"file-lettre\"><input size=\"40\" class=\"wpcf7-form-control wpcf7-file\" accept=\"image\/*,.txt,application\/pdf\" aria-invalid=\"false\" type=\"file\" name=\"file-lettre\" \/><\/span>\n\n\n<\/div>\n\n<div class=\"center_100\">\n <small style=\"font-size:12px;font-weight:100;\"><span class=\"wpcf7-form-control-wrap\" data-name=\"checkbox-27\"><span class=\"wpcf7-form-control wpcf7-checkbox wpcf7-validates-as-required wpcf7-exclusive-checkbox\"><span class=\"wpcf7-list-item first last\"><label><input type=\"checkbox\" name=\"checkbox-27\" value=\"En soumettant ce formulaire j\u2019accepte que les informations saisies soient exploit\u00e9es dans le cadre de la demande de contact\" \/><span class=\"wpcf7-list-item-label\">En soumettant ce formulaire j\u2019accepte que les informations saisies soient exploit\u00e9es dans le cadre de la demande de contact<\/span><\/label><\/span><\/span><\/span><\/small>\n<\/div>\n\n\n<div class=\"center_100\">\n<input class=\"wpcf7-form-control wpcf7-submit has-spinner\" type=\"submit\" value=\"Envoyer\" \/>\n<\/div><div class=\"wpcf7-response-output\" aria-hidden=\"true\"><\/div>\n<\/form>\n<\/div>\n<\/p>\t\t\t\t\t\t\t\t<\/div>\n\t\t\t\t<\/div>\n\t\t\t\t\t<\/div>\n\t\t<\/div>\n\t\t\t\t\t<\/div>\n\t\t<\/section>\n\t\t\t\t<\/div>\n\t\t","protected":false},"excerpt":{"rendered":"<p>Notre soci\u00e9t\u00e9 fran\u00e7aise, leader mondial de la conception, de la construction et de la commercialisation de trimarans de plaisance (voilier et moteur) et sp\u00e9cialiste de la location et de la gestion locative de trimarans, recherche un Stagiaire Approvisionnement\/Achats H\/F, poste bas\u00e9 \u00e0 La Rochelle. Description d\u00e9taill\u00e9e du poste : Rattach\u00e9(e) au Directeur des achats, vous [&hellip;]<\/p>\n","protected":false},"author":190,"featured_media":14192,"parent":8245,"menu_order":0,"comment_status":"closed","ping_status":"closed","template":"page_content_neel.php","meta":{"_acf_changed":false,"footnotes":""},"class_list":["post-14842","page","type-page","status-publish","has-post-thumbnail","hentry"],"acf":[],"yoast_head":"<!-- This site is optimized with the Yoast SEO plugin v27.5 - https:\/\/yoast.com\/product\/yoast-seo-wordpress\/ -->\n<title>Stagiaire Approvisionnement\/Achats (H\/F) - NEEL-TRIMARANS-GROUP<\/title>\n<meta name=\"robots\" content=\"index, follow, max-snippet:-1, max-image-preview:large, max-video-preview:-1\" \/>\n<link rel=\"canonical\" href=\"https:\/\/neel-trimarans-group.com\/fr\/entreprise\/recrutement-2\/stagiaire-approvisionnement-h-f\/\" \/>\n<meta property=\"og:locale\" content=\"fr_FR\" \/>\n<meta property=\"og:type\" content=\"article\" \/>\n<meta property=\"og:title\" content=\"Stagiaire Approvisionnement\/Achats (H\/F) - NEEL-TRIMARANS-GROUP\" \/>\n<meta property=\"og:description\" content=\"Notre soci\u00e9t\u00e9 fran\u00e7aise, leader mondial de la conception, de la construction et de la commercialisation de trimarans de plaisance (voilier et moteur) et sp\u00e9cialiste de la location et de la gestion locative de trimarans, recherche un Stagiaire Approvisionnement\/Achats H\/F, poste bas\u00e9 \u00e0 La Rochelle. Description d\u00e9taill\u00e9e du poste : Rattach\u00e9(e) au Directeur des achats, vous [&hellip;]\" \/>\n<meta property=\"og:url\" content=\"https:\/\/neel-trimarans-group.com\/fr\/entreprise\/recrutement-2\/stagiaire-approvisionnement-h-f\/\" \/>\n<meta property=\"og:site_name\" content=\"NEEL-TRIMARANS-GROUP\" \/>\n<meta property=\"article:publisher\" content=\"https:\/\/www.facebook.com\/neeltrimarans\/\" \/>\n<meta property=\"og:image\" content=\"http:\/\/neel-trimarans-group.com\/wp-content\/uploads\/2023\/03\/responsable-des-achats-h-f-scaled.jpg\" \/>\n\t<meta property=\"og:image:width\" content=\"2560\" \/>\n\t<meta property=\"og:image:height\" content=\"1707\" \/>\n\t<meta property=\"og:image:type\" content=\"image\/jpeg\" \/>\n<meta name=\"twitter:card\" content=\"summary_large_image\" \/>\n<meta name=\"twitter:site\" content=\"@neeltrimarans\" \/>\n<meta name=\"twitter:label1\" content=\"Dur\u00e9e de lecture estim\u00e9e\" \/>\n\t<meta name=\"twitter:data1\" content=\"2 minutes\" \/>\n<script type=\"application\/ld+json\" class=\"yoast-schema-graph\">{\"@context\":\"https:\\\/\\\/schema.org\",\"@graph\":[{\"@type\":\"WebPage\",\"@id\":\"https:\\\/\\\/neel-trimarans-group.com\\\/fr\\\/entreprise\\\/recrutement-2\\\/stagiaire-approvisionnement-h-f\\\/\",\"url\":\"https:\\\/\\\/neel-trimarans-group.com\\\/fr\\\/entreprise\\\/recrutement-2\\\/stagiaire-approvisionnement-h-f\\\/\",\"name\":\"Stagiaire Approvisionnement\\\/Achats (H\\\/F) - NEEL-TRIMARANS-GROUP\",\"isPartOf\":{\"@id\":\"https:\\\/\\\/neel-trimarans-group.com\\\/#website\"},\"primaryImageOfPage\":{\"@id\":\"https:\\\/\\\/neel-trimarans-group.com\\\/fr\\\/entreprise\\\/recrutement-2\\\/stagiaire-approvisionnement-h-f\\\/#primaryimage\"},\"image\":{\"@id\":\"https:\\\/\\\/neel-trimarans-group.com\\\/fr\\\/entreprise\\\/recrutement-2\\\/stagiaire-approvisionnement-h-f\\\/#primaryimage\"},\"thumbnailUrl\":\"https:\\\/\\\/neel-trimarans-group.com\\\/wp-content\\\/uploads\\\/2023\\\/03\\\/responsable-des-achats-h-f-scaled.jpg\",\"datePublished\":\"2023-11-14T10:01:20+00:00\",\"breadcrumb\":{\"@id\":\"https:\\\/\\\/neel-trimarans-group.com\\\/fr\\\/entreprise\\\/recrutement-2\\\/stagiaire-approvisionnement-h-f\\\/#breadcrumb\"},\"inLanguage\":\"fr-FR\",\"potentialAction\":[{\"@type\":\"ReadAction\",\"target\":[\"https:\\\/\\\/neel-trimarans-group.com\\\/fr\\\/entreprise\\\/recrutement-2\\\/stagiaire-approvisionnement-h-f\\\/\"]}]},{\"@type\":\"ImageObject\",\"inLanguage\":\"fr-FR\",\"@id\":\"https:\\\/\\\/neel-trimarans-group.com\\\/fr\\\/entreprise\\\/recrutement-2\\\/stagiaire-approvisionnement-h-f\\\/#primaryimage\",\"url\":\"https:\\\/\\\/neel-trimarans-group.com\\\/wp-content\\\/uploads\\\/2023\\\/03\\\/responsable-des-achats-h-f-scaled.jpg\",\"contentUrl\":\"https:\\\/\\\/neel-trimarans-group.com\\\/wp-content\\\/uploads\\\/2023\\\/03\\\/responsable-des-achats-h-f-scaled.jpg\",\"width\":2560,\"height\":1707,\"caption\":\"Responsable des achats (H\\\/F)\"},{\"@type\":\"BreadcrumbList\",\"@id\":\"https:\\\/\\\/neel-trimarans-group.com\\\/fr\\\/entreprise\\\/recrutement-2\\\/stagiaire-approvisionnement-h-f\\\/#breadcrumb\",\"itemListElement\":[{\"@type\":\"ListItem\",\"position\":1,\"name\":\"Home\",\"item\":\"https:\\\/\\\/neel-trimarans-group.com\\\/\"},{\"@type\":\"ListItem\",\"position\":2,\"name\":\"L&#8217;entreprise\",\"item\":\"https:\\\/\\\/neel-trimarans-group.com\\\/fr\\\/entreprise\\\/\"},{\"@type\":\"ListItem\",\"position\":3,\"name\":\"Recrutement\",\"item\":\"https:\\\/\\\/neel-trimarans-group.com\\\/fr\\\/entreprise\\\/recrutement-2\\\/\"},{\"@type\":\"ListItem\",\"position\":4,\"name\":\"Stagiaire Approvisionnement\\\/Achats (H\\\/F)\"}]},{\"@type\":\"WebSite\",\"@id\":\"https:\\\/\\\/neel-trimarans-group.com\\\/#website\",\"url\":\"https:\\\/\\\/neel-trimarans-group.com\\\/\",\"name\":\"NEEL-TRIMARANS-GROUP\",\"description\":\"Just makes sense\",\"publisher\":{\"@id\":\"https:\\\/\\\/neel-trimarans-group.com\\\/#organization\"},\"potentialAction\":[{\"@type\":\"SearchAction\",\"target\":{\"@type\":\"EntryPoint\",\"urlTemplate\":\"https:\\\/\\\/neel-trimarans-group.com\\\/?s={search_term_string}\"},\"query-input\":{\"@type\":\"PropertyValueSpecification\",\"valueRequired\":true,\"valueName\":\"search_term_string\"}}],\"inLanguage\":\"fr-FR\"},{\"@type\":\"Organization\",\"@id\":\"https:\\\/\\\/neel-trimarans-group.com\\\/#organization\",\"name\":\"NEEL-TRIMARANS GROUP\",\"url\":\"https:\\\/\\\/neel-trimarans-group.com\\\/\",\"logo\":{\"@type\":\"ImageObject\",\"inLanguage\":\"fr-FR\",\"@id\":\"https:\\\/\\\/neel-trimarans-group.com\\\/#\\\/schema\\\/logo\\\/image\\\/\",\"url\":\"\",\"contentUrl\":\"\",\"caption\":\"NEEL-TRIMARANS GROUP\"},\"image\":{\"@id\":\"https:\\\/\\\/neel-trimarans-group.com\\\/#\\\/schema\\\/logo\\\/image\\\/\"},\"sameAs\":[\"https:\\\/\\\/www.facebook.com\\\/neeltrimarans\\\/\",\"https:\\\/\\\/x.com\\\/neeltrimarans\",\"https:\\\/\\\/www.instagram.com\\\/neeltrimarans_official\\\/\",\"https:\\\/\\\/www.youtube.com\\\/channel\\\/UCAFnRZZiNuug-k9TNDH_sEw\"]}]}<\/script>\n<!-- \/ Yoast SEO plugin. -->","yoast_head_json":{"title":"Stagiaire Approvisionnement\/Achats (H\/F) - NEEL-TRIMARANS-GROUP","robots":{"index":"index","follow":"follow","max-snippet":"max-snippet:-1","max-image-preview":"max-image-preview:large","max-video-preview":"max-video-preview:-1"},"canonical":"https:\/\/neel-trimarans-group.com\/fr\/entreprise\/recrutement-2\/stagiaire-approvisionnement-h-f\/","og_locale":"fr_FR","og_type":"article","og_title":"Stagiaire Approvisionnement\/Achats (H\/F) - NEEL-TRIMARANS-GROUP","og_description":"Notre soci\u00e9t\u00e9 fran\u00e7aise, leader mondial de la conception, de la construction et de la commercialisation de trimarans de plaisance (voilier et moteur) et sp\u00e9cialiste de la location et de la gestion locative de trimarans, recherche un Stagiaire Approvisionnement\/Achats H\/F, poste bas\u00e9 \u00e0 La Rochelle. Description d\u00e9taill\u00e9e du poste : Rattach\u00e9(e) au Directeur des achats, vous [&hellip;]","og_url":"https:\/\/neel-trimarans-group.com\/fr\/entreprise\/recrutement-2\/stagiaire-approvisionnement-h-f\/","og_site_name":"NEEL-TRIMARANS-GROUP","article_publisher":"https:\/\/www.facebook.com\/neeltrimarans\/","og_image":[{"width":2560,"height":1707,"url":"http:\/\/neel-trimarans-group.com\/wp-content\/uploads\/2023\/03\/responsable-des-achats-h-f-scaled.jpg","type":"image\/jpeg"}],"twitter_card":"summary_large_image","twitter_site":"@neeltrimarans","twitter_misc":{"Dur\u00e9e de lecture estim\u00e9e":"2 minutes"},"schema":{"@context":"https:\/\/schema.org","@graph":[{"@type":"WebPage","@id":"https:\/\/neel-trimarans-group.com\/fr\/entreprise\/recrutement-2\/stagiaire-approvisionnement-h-f\/","url":"https:\/\/neel-trimarans-group.com\/fr\/entreprise\/recrutement-2\/stagiaire-approvisionnement-h-f\/","name":"Stagiaire Approvisionnement\/Achats (H\/F) - NEEL-TRIMARANS-GROUP","isPartOf":{"@id":"https:\/\/neel-trimarans-group.com\/#website"},"primaryImageOfPage":{"@id":"https:\/\/neel-trimarans-group.com\/fr\/entreprise\/recrutement-2\/stagiaire-approvisionnement-h-f\/#primaryimage"},"image":{"@id":"https:\/\/neel-trimarans-group.com\/fr\/entreprise\/recrutement-2\/stagiaire-approvisionnement-h-f\/#primaryimage"},"thumbnailUrl":"https:\/\/neel-trimarans-group.com\/wp-content\/uploads\/2023\/03\/responsable-des-achats-h-f-scaled.jpg","datePublished":"2023-11-14T10:01:20+00:00","breadcrumb":{"@id":"https:\/\/neel-trimarans-group.com\/fr\/entreprise\/recrutement-2\/stagiaire-approvisionnement-h-f\/#breadcrumb"},"inLanguage":"fr-FR","potentialAction":[{"@type":"ReadAction","target":["https:\/\/neel-trimarans-group.com\/fr\/entreprise\/recrutement-2\/stagiaire-approvisionnement-h-f\/"]}]},{"@type":"ImageObject","inLanguage":"fr-FR","@id":"https:\/\/neel-trimarans-group.com\/fr\/entreprise\/recrutement-2\/stagiaire-approvisionnement-h-f\/#primaryimage","url":"https:\/\/neel-trimarans-group.com\/wp-content\/uploads\/2023\/03\/responsable-des-achats-h-f-scaled.jpg","contentUrl":"https:\/\/neel-trimarans-group.com\/wp-content\/uploads\/2023\/03\/responsable-des-achats-h-f-scaled.jpg","width":2560,"height":1707,"caption":"Responsable des achats (H\/F)"},{"@type":"BreadcrumbList","@id":"https:\/\/neel-trimarans-group.com\/fr\/entreprise\/recrutement-2\/stagiaire-approvisionnement-h-f\/#breadcrumb","itemListElement":[{"@type":"ListItem","position":1,"name":"Home","item":"https:\/\/neel-trimarans-group.com\/"},{"@type":"ListItem","position":2,"name":"L&#8217;entreprise","item":"https:\/\/neel-trimarans-group.com\/fr\/entreprise\/"},{"@type":"ListItem","position":3,"name":"Recrutement","item":"https:\/\/neel-trimarans-group.com\/fr\/entreprise\/recrutement-2\/"},{"@type":"ListItem","position":4,"name":"Stagiaire Approvisionnement\/Achats (H\/F)"}]},{"@type":"WebSite","@id":"https:\/\/neel-trimarans-group.com\/#website","url":"https:\/\/neel-trimarans-group.com\/","name":"NEEL-TRIMARANS-GROUP","description":"Just makes sense","publisher":{"@id":"https:\/\/neel-trimarans-group.com\/#organization"},"potentialAction":[{"@type":"SearchAction","target":{"@type":"EntryPoint","urlTemplate":"https:\/\/neel-trimarans-group.com\/?s={search_term_string}"},"query-input":{"@type":"PropertyValueSpecification","valueRequired":true,"valueName":"search_term_string"}}],"inLanguage":"fr-FR"},{"@type":"Organization","@id":"https:\/\/neel-trimarans-group.com\/#organization","name":"NEEL-TRIMARANS GROUP","url":"https:\/\/neel-trimarans-group.com\/","logo":{"@type":"ImageObject","inLanguage":"fr-FR","@id":"https:\/\/neel-trimarans-group.com\/#\/schema\/logo\/image\/","url":"","contentUrl":"","caption":"NEEL-TRIMARANS GROUP"},"image":{"@id":"https:\/\/neel-trimarans-group.com\/#\/schema\/logo\/image\/"},"sameAs":["https:\/\/www.facebook.com\/neeltrimarans\/","https:\/\/x.com\/neeltrimarans","https:\/\/www.instagram.com\/neeltrimarans_official\/","https:\/\/www.youtube.com\/channel\/UCAFnRZZiNuug-k9TNDH_sEw"]}]}},"_links":{"self":[{"href":"https:\/\/neel-trimarans-group.com\/fr\/wp-json\/wp\/v2\/pages\/14842","targetHints":{"allow":["GET"]}}],"collection":[{"href":"https:\/\/neel-trimarans-group.com\/fr\/wp-json\/wp\/v2\/pages"}],"about":[{"href":"https:\/\/neel-trimarans-group.com\/fr\/wp-json\/wp\/v2\/types\/page"}],"author":[{"embeddable":true,"href":"https:\/\/neel-trimarans-group.com\/fr\/wp-json\/wp\/v2\/users\/190"}],"replies":[{"embeddable":true,"href":"https:\/\/neel-trimarans-group.com\/fr\/wp-json\/wp\/v2\/comments?post=14842"}],"version-history":[{"count":7,"href":"https:\/\/neel-trimarans-group.com\/fr\/wp-json\/wp\/v2\/pages\/14842\/revisions"}],"predecessor-version":[{"id":14849,"href":"https:\/\/neel-trimarans-group.com\/fr\/wp-json\/wp\/v2\/pages\/14842\/revisions\/14849"}],"up":[{"embeddable":true,"href":"https:\/\/neel-trimarans-group.com\/fr\/wp-json\/wp\/v2\/pages\/8245"}],"wp:featuredmedia":[{"embeddable":true,"href":"https:\/\/neel-trimarans-group.com\/fr\/wp-json\/wp\/v2\/media\/14192"}],"wp:attachment":[{"href":"https:\/\/neel-trimarans-group.com\/fr\/wp-json\/wp\/v2\/media?parent=14842"}],"curies":[{"name":"wp","href":"https:\/\/api.w.org\/{rel}","templated":true}]}}