{"id":14384,"date":"2023-05-09T13:19:29","date_gmt":"2023-05-09T12:19:29","guid":{"rendered":"https:\/\/neel-trimarans-group.com\/?page_id=14384"},"modified":"2023-05-09T13:20:53","modified_gmt":"2023-05-09T12:20:53","slug":"controleur-de-gestion-industriel-h-f","status":"publish","type":"page","link":"https:\/\/neel-trimarans-group.com\/fr\/entreprise\/recrutement-2\/controleur-de-gestion-industriel-h-f\/","title":{"rendered":"Contr\u00f4leur de gestion industriel (H\/F)"},"content":{"rendered":"\t\t<div data-elementor-type=\"wp-page\" data-elementor-id=\"14384\" class=\"elementor elementor-14384\" data-elementor-post-type=\"page\">\n\t\t\t\t\t\t<section class=\"elementor-section elementor-top-section elementor-element elementor-element-b5a5455 elementor-section-boxed elementor-section-height-default elementor-section-height-default\" data-id=\"b5a5455\" data-element_type=\"section\">\n\t\t\t\t\t\t<div class=\"elementor-container elementor-column-gap-default\">\n\t\t\t\t\t<div class=\"elementor-column elementor-col-100 elementor-top-column elementor-element elementor-element-cdcd6a9\" data-id=\"cdcd6a9\" data-element_type=\"column\">\n\t\t\t<div class=\"elementor-widget-wrap elementor-element-populated\">\n\t\t\t\t\t\t<div class=\"elementor-element elementor-element-4553347 elementor-widget elementor-widget-text-editor\" data-id=\"4553347\" data-element_type=\"widget\" data-widget_type=\"text-editor.default\">\n\t\t\t\t<div class=\"elementor-widget-container\">\n\t\t\t\t\t\t\t\t\t<p>Notre soci\u00e9t\u00e9 fran\u00e7aise, <strong>leader mondial<\/strong> de la conception, de la construction et de la commercialisation de trimarans de plaisance (voilier et moteur) et sp\u00e9cialiste de la location et de la gestion locative de trimarans, recherche un Contr\u00f4leur de gestion industriel H\/F, poste bas\u00e9 \u00e0 La Rochelle.<\/p><p>Rattach\u00e9(e) au Pr\u00e9sident de NEEL-TRIMARANS, vous aurez pour mission de d\u00e9finir et piloter les indicateurs en lien avec les objectifs fix\u00e9s par la direction.<\/p><p>\u00c0 ce titre, vos principales missions sont les suivantes :<\/p><ul><li>Participer, en collaboration avec le Pr\u00e9sident, \u00e0 tout type d\u2019analyse de donn\u00e9es, en fonction des besoins exprim\u00e9s<\/li><li>R\u00e9cup\u00e9rer, consolider et assurer la fiabilit\u00e9 des donn\u00e9es des diff\u00e9rents services op\u00e9rationnels<\/li><li>Elaborer les budgets op\u00e9rationnels, annuels et r\u00e9vis\u00e9s, industriels (consommations de mati\u00e8res, main d\u2019\u0153uvre et frais g\u00e9n\u00e9raux, calcul des capacit\u00e9s de production par atelier)<\/li><li>Participer, en tant qu\u2019analyste, \u00e0 toute mission de v\u00e9rification des Business Plan et budgets<\/li><li>R\u00e9viser et pr\u00e9senter les budgets op\u00e9rationnels 4 fois par an (Rolling forecast)<\/li><li>Suivre quotidiennement la performance des unit\u00e9s de production au travers de KPI, Scorecards et tableaux de bord op\u00e9rationnels et savoir les pr\u00e9senter<\/li><li>R\u00e9aliser les analyses financi\u00e8res n\u00e9cessaires au pilotage de la strat\u00e9gie industrielle et formuler des recommandations\/am\u00e9liorations<\/li><li>Mettre \u00e0 jour mensuellement les reportings des activit\u00e9s industrielles et commerciales\u00a0: pr\u00e9sentation des tableaux de bord, analyse des \u00e9carts aux budgets, v\u00e9rification puis suivi des plans d\u2019actions avec les diff\u00e9rents responsables op\u00e9rationnels<\/li><li>Participer \u00e0 la cl\u00f4ture mensuelle<\/li><li>V\u00e9rifier la fiabilit\u00e9 des inventaires de stocks et en-cours mensuels<\/li><li>G\u00e9rer les assurances des entreprises du groupe<\/li><\/ul><h2>Le profil recherch\u00e9\u00a0:<\/h2><p>Issu(e) d\u2019un Master ou d\u2019une \u00e9cole de commerce en finance\/contr\u00f4le de gestion, vous disposez d\u2019une exp\u00e9rience significative en contr\u00f4le de gestion de 3 ans minimum.<\/p><p>Vous avez une bonne connaissance des outils d\u2019analyse de donn\u00e9es. Vous avez une excellente ma\u00eetrise d\u2019Excel et id\u00e9alement une bonne connaissance de Power BI.<\/p><p>Dot\u00e9 d\u2019excellentes qualit\u00e9s relationnelles, vous faites preuve d\u2019\u00e9coute, vous avez un esprit d\u2019analyse et de synth\u00e8se.<\/p><h2>Infos compl\u00e9mentaires\u00a0:<\/h2><ul><li>Type de poste CDI<\/li><li>39H<\/li><li>Localit\u00e9 : La Rochelle<\/li><li>Salaire selon profil\u00a0<\/li><\/ul><p>Vous souhaitez int\u00e9grer\u00a0<a href=\"https:\/\/neel-trimarans-group.com\/fr\/entreprise\/recrutement\/\">NEEL-TRIMARANS GROUP<\/a>, une entreprise <strong>dynamique<\/strong> et en pleine croissance, alors adressez-nous votre CV et lettre de motivation.<\/p><p><em>Notre politique de recrutement est engag\u00e9e en faveur de l\u2019int\u00e9gration des travailleurs en situation de handicap.<\/em><\/p>\t\t\t\t\t\t\t\t<\/div>\n\t\t\t\t<\/div>\n\t\t\t\t<div class=\"elementor-element elementor-element-0d1349f elementor-widget elementor-widget-text-editor\" data-id=\"0d1349f\" data-element_type=\"widget\" data-widget_type=\"text-editor.default\">\n\t\t\t\t<div class=\"elementor-widget-container\">\n\t\t\t\t\t\t\t\t\t<p>\n<div class=\"wpcf7 no-js\" id=\"wpcf7-f3282-o1\" lang=\"fr-FR\" dir=\"ltr\" data-wpcf7-id=\"3282\">\n<div class=\"screen-reader-response\"><p role=\"status\" aria-live=\"polite\" aria-atomic=\"true\"><\/p> <ul><\/ul><\/div>\n<form action=\"\/fr\/wp-json\/wp\/v2\/pages\/14384#wpcf7-f3282-o1\" method=\"post\" class=\"wpcf7-form init\" aria-label=\"Formulaire de contact\" enctype=\"multipart\/form-data\" novalidate=\"novalidate\" data-status=\"init\">\n<fieldset class=\"hidden-fields-container\"><input type=\"hidden\" name=\"_wpcf7\" value=\"3282\" \/><input type=\"hidden\" name=\"_wpcf7_version\" value=\"6.1.5\" \/><input type=\"hidden\" name=\"_wpcf7_locale\" value=\"fr_FR\" \/><input type=\"hidden\" name=\"_wpcf7_unit_tag\" value=\"wpcf7-f3282-o1\" \/><input type=\"hidden\" name=\"_wpcf7_container_post\" value=\"0\" \/><input type=\"hidden\" name=\"_wpcf7_posted_data_hash\" value=\"\" \/><input type=\"hidden\" name=\"_wpcf7dtx_version\" value=\"5.0.5\" \/><input type=\"hidden\" name=\"_wpcf7_recaptcha_response\" value=\"\" \/>\n<\/fieldset>\n<div class=\"left_50\">\n    <label>Nom*<\/label>\n    <span class=\"wpcf7-form-control-wrap\" data-name=\"your-name\"><input size=\"40\" maxlength=\"400\" class=\"wpcf7-form-control wpcf7-text wpcf7-validates-as-required\" aria-required=\"true\" aria-invalid=\"false\" value=\"\" type=\"text\" name=\"your-name\" \/><\/span>\n<\/div>\n<div class=\"right_50\">\n    <label>Pr\u00e9nom*<\/label>\n    <span class=\"wpcf7-form-control-wrap\" data-name=\"your-prenom\"><input size=\"40\" maxlength=\"400\" class=\"wpcf7-form-control wpcf7-text wpcf7-validates-as-required\" aria-required=\"true\" aria-invalid=\"false\" value=\"\" type=\"text\" name=\"your-prenom\" \/><\/span>\n<\/div>\n\n\n<div class=\"left_50\">\n    <label>Email*<\/label>\n    <span class=\"wpcf7-form-control-wrap\" data-name=\"email\"><input size=\"40\" maxlength=\"400\" class=\"wpcf7-form-control wpcf7-email wpcf7-validates-as-required wpcf7-text wpcf7-validates-as-email\" aria-required=\"true\" aria-invalid=\"false\" value=\"\" type=\"email\" name=\"email\" \/><\/span>\n<\/div>\n<div class=\"right_50\">\n    <label>T\u00e9l\u00e9phone*<\/label>\n    <span class=\"wpcf7-form-control-wrap\" data-name=\"phone\"><input size=\"40\" maxlength=\"400\" class=\"wpcf7-form-control wpcf7-text wpcf7-validates-as-required\" aria-required=\"true\" aria-invalid=\"false\" value=\"\" type=\"text\" name=\"phone\" \/><\/span>\n<\/div>\n\n\n\n<div class=\"left_50\">\n    <label>Ville*<\/label>\n    <span class=\"wpcf7-form-control-wrap\" data-name=\"ville\"><input size=\"40\" maxlength=\"400\" class=\"wpcf7-form-control wpcf7-text wpcf7-validates-as-required\" aria-required=\"true\" aria-invalid=\"false\" value=\"\" type=\"text\" name=\"ville\" \/><\/span>\n<\/div>\n<div class=\"right_50\">\n    <label>Poste recherch\u00e9*<\/label>\n    <span class=\"wpcf7-form-control-wrap\" data-name=\"job\"><input size=\"40\" maxlength=\"400\" class=\"wpcf7-form-control wpcf7-text wpcf7-validates-as-required\" aria-required=\"true\" aria-invalid=\"false\" value=\"\" type=\"text\" name=\"job\" \/><\/span>\n<\/div>\n\n\n<div class=\"center_100\">\n    <label>Message*<\/label>\n    <span class=\"wpcf7-form-control-wrap\" data-name=\"your-message\"><textarea cols=\"40\" rows=\"10\" maxlength=\"2000\" class=\"wpcf7-form-control wpcf7-textarea wpcf7-validates-as-required\" aria-required=\"true\" aria-invalid=\"false\" name=\"your-message\"><\/textarea><\/span>\n<\/div>\n\n<div class=\"left_50\">\n    <label>Votre CV<\/label>\n<span class=\"wpcf7-form-control-wrap\" data-name=\"file-CV\"><input size=\"40\" class=\"wpcf7-form-control wpcf7-file\" accept=\"image\/*,.txt,application\/pdf\" aria-invalid=\"false\" type=\"file\" name=\"file-CV\" \/><\/span>\n<\/div>\n<div class=\"right_50\">\n    <label>Votre lettre de motivation<\/label>\n<span class=\"wpcf7-form-control-wrap\" data-name=\"file-lettre\"><input size=\"40\" class=\"wpcf7-form-control wpcf7-file\" accept=\"image\/*,.txt,application\/pdf\" aria-invalid=\"false\" type=\"file\" name=\"file-lettre\" \/><\/span>\n\n\n<\/div>\n\n<div class=\"center_100\">\n <small style=\"font-size:12px;font-weight:100;\"><span class=\"wpcf7-form-control-wrap\" data-name=\"checkbox-27\"><span class=\"wpcf7-form-control wpcf7-checkbox wpcf7-validates-as-required wpcf7-exclusive-checkbox\"><span class=\"wpcf7-list-item first last\"><label><input type=\"checkbox\" name=\"checkbox-27\" value=\"En soumettant ce formulaire j\u2019accepte que les informations saisies soient exploit\u00e9es dans le cadre de la demande de contact\" \/><span class=\"wpcf7-list-item-label\">En soumettant ce formulaire j\u2019accepte que les informations saisies soient exploit\u00e9es dans le cadre de la demande de contact<\/span><\/label><\/span><\/span><\/span><\/small>\n<\/div>\n\n\n<div class=\"center_100\">\n<input class=\"wpcf7-form-control wpcf7-submit has-spinner\" type=\"submit\" value=\"Envoyer\" \/>\n<\/div><div class=\"wpcf7-response-output\" aria-hidden=\"true\"><\/div>\n<\/form>\n<\/div>\n<\/p>\t\t\t\t\t\t\t\t<\/div>\n\t\t\t\t<\/div>\n\t\t\t\t\t<\/div>\n\t\t<\/div>\n\t\t\t\t\t<\/div>\n\t\t<\/section>\n\t\t\t\t<\/div>\n\t\t","protected":false},"excerpt":{"rendered":"<p>Notre soci\u00e9t\u00e9 fran\u00e7aise, leader mondial de la conception, de la construction et de la commercialisation de trimarans de plaisance (voilier et moteur) et sp\u00e9cialiste de la location et de la gestion locative de trimarans, recherche un Contr\u00f4leur de gestion industriel H\/F, poste bas\u00e9 \u00e0 La Rochelle. Rattach\u00e9(e) au Pr\u00e9sident de NEEL-TRIMARANS, vous aurez pour mission [&hellip;]<\/p>\n","protected":false},"author":190,"featured_media":14393,"parent":8245,"menu_order":0,"comment_status":"closed","ping_status":"closed","template":"page_content_neel.php","meta":{"_acf_changed":false,"footnotes":""},"class_list":["post-14384","page","type-page","status-publish","has-post-thumbnail","hentry"],"acf":[],"yoast_head":"<!-- This site is optimized with the Yoast SEO plugin v27.5 - https:\/\/yoast.com\/product\/yoast-seo-wordpress\/ -->\n<title>Contr\u00f4leur de gestion industriel (H\/F) - NEEL-TRIMARANS-GROUP<\/title>\n<meta name=\"robots\" content=\"index, follow, max-snippet:-1, max-image-preview:large, max-video-preview:-1\" \/>\n<link rel=\"canonical\" href=\"https:\/\/neel-trimarans-group.com\/fr\/entreprise\/recrutement-2\/controleur-de-gestion-industriel-h-f\/\" \/>\n<meta property=\"og:locale\" content=\"fr_FR\" \/>\n<meta property=\"og:type\" content=\"article\" \/>\n<meta property=\"og:title\" content=\"Contr\u00f4leur de gestion industriel (H\/F) - NEEL-TRIMARANS-GROUP\" \/>\n<meta property=\"og:description\" content=\"Notre soci\u00e9t\u00e9 fran\u00e7aise, leader mondial de la conception, de la construction et de la commercialisation de trimarans de plaisance (voilier et moteur) et sp\u00e9cialiste de la location et de la gestion locative de trimarans, recherche un Contr\u00f4leur de gestion industriel H\/F, poste bas\u00e9 \u00e0 La Rochelle. Rattach\u00e9(e) au Pr\u00e9sident de NEEL-TRIMARANS, vous aurez pour mission [&hellip;]\" \/>\n<meta property=\"og:url\" content=\"https:\/\/neel-trimarans-group.com\/fr\/entreprise\/recrutement-2\/controleur-de-gestion-industriel-h-f\/\" \/>\n<meta property=\"og:site_name\" content=\"NEEL-TRIMARANS-GROUP\" \/>\n<meta property=\"article:publisher\" content=\"https:\/\/www.facebook.com\/neeltrimarans\/\" \/>\n<meta property=\"article:modified_time\" content=\"2023-05-09T12:20:53+00:00\" \/>\n<meta property=\"og:image\" content=\"https:\/\/neel-trimarans-group.com\/wp-content\/uploads\/2023\/05\/controleur-de-gestion-industriel-h-f.jpg\" \/>\n\t<meta property=\"og:image:width\" content=\"1920\" \/>\n\t<meta property=\"og:image:height\" content=\"1280\" \/>\n\t<meta property=\"og:image:type\" content=\"image\/jpeg\" \/>\n<meta name=\"twitter:card\" content=\"summary_large_image\" \/>\n<meta name=\"twitter:site\" content=\"@neeltrimarans\" \/>\n<meta name=\"twitter:label1\" content=\"Dur\u00e9e de lecture estim\u00e9e\" \/>\n\t<meta name=\"twitter:data1\" content=\"3 minutes\" \/>\n<script type=\"application\/ld+json\" class=\"yoast-schema-graph\">{\"@context\":\"https:\\\/\\\/schema.org\",\"@graph\":[{\"@type\":\"WebPage\",\"@id\":\"https:\\\/\\\/neel-trimarans-group.com\\\/fr\\\/entreprise\\\/recrutement-2\\\/controleur-de-gestion-industriel-h-f\\\/\",\"url\":\"https:\\\/\\\/neel-trimarans-group.com\\\/fr\\\/entreprise\\\/recrutement-2\\\/controleur-de-gestion-industriel-h-f\\\/\",\"name\":\"Contr\u00f4leur de gestion industriel (H\\\/F) - NEEL-TRIMARANS-GROUP\",\"isPartOf\":{\"@id\":\"https:\\\/\\\/neel-trimarans-group.com\\\/#website\"},\"primaryImageOfPage\":{\"@id\":\"https:\\\/\\\/neel-trimarans-group.com\\\/fr\\\/entreprise\\\/recrutement-2\\\/controleur-de-gestion-industriel-h-f\\\/#primaryimage\"},\"image\":{\"@id\":\"https:\\\/\\\/neel-trimarans-group.com\\\/fr\\\/entreprise\\\/recrutement-2\\\/controleur-de-gestion-industriel-h-f\\\/#primaryimage\"},\"thumbnailUrl\":\"https:\\\/\\\/neel-trimarans-group.com\\\/wp-content\\\/uploads\\\/2023\\\/05\\\/controleur-de-gestion-industriel-h-f.jpg\",\"datePublished\":\"2023-05-09T12:19:29+00:00\",\"dateModified\":\"2023-05-09T12:20:53+00:00\",\"breadcrumb\":{\"@id\":\"https:\\\/\\\/neel-trimarans-group.com\\\/fr\\\/entreprise\\\/recrutement-2\\\/controleur-de-gestion-industriel-h-f\\\/#breadcrumb\"},\"inLanguage\":\"fr-FR\",\"potentialAction\":[{\"@type\":\"ReadAction\",\"target\":[\"https:\\\/\\\/neel-trimarans-group.com\\\/fr\\\/entreprise\\\/recrutement-2\\\/controleur-de-gestion-industriel-h-f\\\/\"]}]},{\"@type\":\"ImageObject\",\"inLanguage\":\"fr-FR\",\"@id\":\"https:\\\/\\\/neel-trimarans-group.com\\\/fr\\\/entreprise\\\/recrutement-2\\\/controleur-de-gestion-industriel-h-f\\\/#primaryimage\",\"url\":\"https:\\\/\\\/neel-trimarans-group.com\\\/wp-content\\\/uploads\\\/2023\\\/05\\\/controleur-de-gestion-industriel-h-f.jpg\",\"contentUrl\":\"https:\\\/\\\/neel-trimarans-group.com\\\/wp-content\\\/uploads\\\/2023\\\/05\\\/controleur-de-gestion-industriel-h-f.jpg\",\"width\":1920,\"height\":1280,\"caption\":\"Contr\u00f4leur de gestion industriel (H\\\/F)\"},{\"@type\":\"BreadcrumbList\",\"@id\":\"https:\\\/\\\/neel-trimarans-group.com\\\/fr\\\/entreprise\\\/recrutement-2\\\/controleur-de-gestion-industriel-h-f\\\/#breadcrumb\",\"itemListElement\":[{\"@type\":\"ListItem\",\"position\":1,\"name\":\"Home\",\"item\":\"https:\\\/\\\/neel-trimarans-group.com\\\/\"},{\"@type\":\"ListItem\",\"position\":2,\"name\":\"L&#8217;entreprise\",\"item\":\"https:\\\/\\\/neel-trimarans-group.com\\\/fr\\\/entreprise\\\/\"},{\"@type\":\"ListItem\",\"position\":3,\"name\":\"Recrutement\",\"item\":\"https:\\\/\\\/neel-trimarans-group.com\\\/fr\\\/entreprise\\\/recrutement-2\\\/\"},{\"@type\":\"ListItem\",\"position\":4,\"name\":\"Contr\u00f4leur de gestion industriel (H\\\/F)\"}]},{\"@type\":\"WebSite\",\"@id\":\"https:\\\/\\\/neel-trimarans-group.com\\\/#website\",\"url\":\"https:\\\/\\\/neel-trimarans-group.com\\\/\",\"name\":\"NEEL-TRIMARANS-GROUP\",\"description\":\"Just makes sense\",\"publisher\":{\"@id\":\"https:\\\/\\\/neel-trimarans-group.com\\\/#organization\"},\"potentialAction\":[{\"@type\":\"SearchAction\",\"target\":{\"@type\":\"EntryPoint\",\"urlTemplate\":\"https:\\\/\\\/neel-trimarans-group.com\\\/?s={search_term_string}\"},\"query-input\":{\"@type\":\"PropertyValueSpecification\",\"valueRequired\":true,\"valueName\":\"search_term_string\"}}],\"inLanguage\":\"fr-FR\"},{\"@type\":\"Organization\",\"@id\":\"https:\\\/\\\/neel-trimarans-group.com\\\/#organization\",\"name\":\"NEEL-TRIMARANS GROUP\",\"url\":\"https:\\\/\\\/neel-trimarans-group.com\\\/\",\"logo\":{\"@type\":\"ImageObject\",\"inLanguage\":\"fr-FR\",\"@id\":\"https:\\\/\\\/neel-trimarans-group.com\\\/#\\\/schema\\\/logo\\\/image\\\/\",\"url\":\"\",\"contentUrl\":\"\",\"caption\":\"NEEL-TRIMARANS GROUP\"},\"image\":{\"@id\":\"https:\\\/\\\/neel-trimarans-group.com\\\/#\\\/schema\\\/logo\\\/image\\\/\"},\"sameAs\":[\"https:\\\/\\\/www.facebook.com\\\/neeltrimarans\\\/\",\"https:\\\/\\\/x.com\\\/neeltrimarans\",\"https:\\\/\\\/www.instagram.com\\\/neeltrimarans_official\\\/\",\"https:\\\/\\\/www.youtube.com\\\/channel\\\/UCAFnRZZiNuug-k9TNDH_sEw\"]}]}<\/script>\n<!-- \/ Yoast SEO plugin. -->","yoast_head_json":{"title":"Contr\u00f4leur de gestion industriel (H\/F) - NEEL-TRIMARANS-GROUP","robots":{"index":"index","follow":"follow","max-snippet":"max-snippet:-1","max-image-preview":"max-image-preview:large","max-video-preview":"max-video-preview:-1"},"canonical":"https:\/\/neel-trimarans-group.com\/fr\/entreprise\/recrutement-2\/controleur-de-gestion-industriel-h-f\/","og_locale":"fr_FR","og_type":"article","og_title":"Contr\u00f4leur de gestion industriel (H\/F) - NEEL-TRIMARANS-GROUP","og_description":"Notre soci\u00e9t\u00e9 fran\u00e7aise, leader mondial de la conception, de la construction et de la commercialisation de trimarans de plaisance (voilier et moteur) et sp\u00e9cialiste de la location et de la gestion locative de trimarans, recherche un Contr\u00f4leur de gestion industriel H\/F, poste bas\u00e9 \u00e0 La Rochelle. Rattach\u00e9(e) au Pr\u00e9sident de NEEL-TRIMARANS, vous aurez pour mission [&hellip;]","og_url":"https:\/\/neel-trimarans-group.com\/fr\/entreprise\/recrutement-2\/controleur-de-gestion-industriel-h-f\/","og_site_name":"NEEL-TRIMARANS-GROUP","article_publisher":"https:\/\/www.facebook.com\/neeltrimarans\/","article_modified_time":"2023-05-09T12:20:53+00:00","og_image":[{"width":1920,"height":1280,"url":"https:\/\/neel-trimarans-group.com\/wp-content\/uploads\/2023\/05\/controleur-de-gestion-industriel-h-f.jpg","type":"image\/jpeg"}],"twitter_card":"summary_large_image","twitter_site":"@neeltrimarans","twitter_misc":{"Dur\u00e9e de lecture estim\u00e9e":"3 minutes"},"schema":{"@context":"https:\/\/schema.org","@graph":[{"@type":"WebPage","@id":"https:\/\/neel-trimarans-group.com\/fr\/entreprise\/recrutement-2\/controleur-de-gestion-industriel-h-f\/","url":"https:\/\/neel-trimarans-group.com\/fr\/entreprise\/recrutement-2\/controleur-de-gestion-industriel-h-f\/","name":"Contr\u00f4leur de gestion industriel (H\/F) - NEEL-TRIMARANS-GROUP","isPartOf":{"@id":"https:\/\/neel-trimarans-group.com\/#website"},"primaryImageOfPage":{"@id":"https:\/\/neel-trimarans-group.com\/fr\/entreprise\/recrutement-2\/controleur-de-gestion-industriel-h-f\/#primaryimage"},"image":{"@id":"https:\/\/neel-trimarans-group.com\/fr\/entreprise\/recrutement-2\/controleur-de-gestion-industriel-h-f\/#primaryimage"},"thumbnailUrl":"https:\/\/neel-trimarans-group.com\/wp-content\/uploads\/2023\/05\/controleur-de-gestion-industriel-h-f.jpg","datePublished":"2023-05-09T12:19:29+00:00","dateModified":"2023-05-09T12:20:53+00:00","breadcrumb":{"@id":"https:\/\/neel-trimarans-group.com\/fr\/entreprise\/recrutement-2\/controleur-de-gestion-industriel-h-f\/#breadcrumb"},"inLanguage":"fr-FR","potentialAction":[{"@type":"ReadAction","target":["https:\/\/neel-trimarans-group.com\/fr\/entreprise\/recrutement-2\/controleur-de-gestion-industriel-h-f\/"]}]},{"@type":"ImageObject","inLanguage":"fr-FR","@id":"https:\/\/neel-trimarans-group.com\/fr\/entreprise\/recrutement-2\/controleur-de-gestion-industriel-h-f\/#primaryimage","url":"https:\/\/neel-trimarans-group.com\/wp-content\/uploads\/2023\/05\/controleur-de-gestion-industriel-h-f.jpg","contentUrl":"https:\/\/neel-trimarans-group.com\/wp-content\/uploads\/2023\/05\/controleur-de-gestion-industriel-h-f.jpg","width":1920,"height":1280,"caption":"Contr\u00f4leur de gestion industriel (H\/F)"},{"@type":"BreadcrumbList","@id":"https:\/\/neel-trimarans-group.com\/fr\/entreprise\/recrutement-2\/controleur-de-gestion-industriel-h-f\/#breadcrumb","itemListElement":[{"@type":"ListItem","position":1,"name":"Home","item":"https:\/\/neel-trimarans-group.com\/"},{"@type":"ListItem","position":2,"name":"L&#8217;entreprise","item":"https:\/\/neel-trimarans-group.com\/fr\/entreprise\/"},{"@type":"ListItem","position":3,"name":"Recrutement","item":"https:\/\/neel-trimarans-group.com\/fr\/entreprise\/recrutement-2\/"},{"@type":"ListItem","position":4,"name":"Contr\u00f4leur de gestion industriel (H\/F)"}]},{"@type":"WebSite","@id":"https:\/\/neel-trimarans-group.com\/#website","url":"https:\/\/neel-trimarans-group.com\/","name":"NEEL-TRIMARANS-GROUP","description":"Just makes sense","publisher":{"@id":"https:\/\/neel-trimarans-group.com\/#organization"},"potentialAction":[{"@type":"SearchAction","target":{"@type":"EntryPoint","urlTemplate":"https:\/\/neel-trimarans-group.com\/?s={search_term_string}"},"query-input":{"@type":"PropertyValueSpecification","valueRequired":true,"valueName":"search_term_string"}}],"inLanguage":"fr-FR"},{"@type":"Organization","@id":"https:\/\/neel-trimarans-group.com\/#organization","name":"NEEL-TRIMARANS GROUP","url":"https:\/\/neel-trimarans-group.com\/","logo":{"@type":"ImageObject","inLanguage":"fr-FR","@id":"https:\/\/neel-trimarans-group.com\/#\/schema\/logo\/image\/","url":"","contentUrl":"","caption":"NEEL-TRIMARANS GROUP"},"image":{"@id":"https:\/\/neel-trimarans-group.com\/#\/schema\/logo\/image\/"},"sameAs":["https:\/\/www.facebook.com\/neeltrimarans\/","https:\/\/x.com\/neeltrimarans","https:\/\/www.instagram.com\/neeltrimarans_official\/","https:\/\/www.youtube.com\/channel\/UCAFnRZZiNuug-k9TNDH_sEw"]}]}},"_links":{"self":[{"href":"https:\/\/neel-trimarans-group.com\/fr\/wp-json\/wp\/v2\/pages\/14384","targetHints":{"allow":["GET"]}}],"collection":[{"href":"https:\/\/neel-trimarans-group.com\/fr\/wp-json\/wp\/v2\/pages"}],"about":[{"href":"https:\/\/neel-trimarans-group.com\/fr\/wp-json\/wp\/v2\/types\/page"}],"author":[{"embeddable":true,"href":"https:\/\/neel-trimarans-group.com\/fr\/wp-json\/wp\/v2\/users\/190"}],"replies":[{"embeddable":true,"href":"https:\/\/neel-trimarans-group.com\/fr\/wp-json\/wp\/v2\/comments?post=14384"}],"version-history":[{"count":5,"href":"https:\/\/neel-trimarans-group.com\/fr\/wp-json\/wp\/v2\/pages\/14384\/revisions"}],"predecessor-version":[{"id":14407,"href":"https:\/\/neel-trimarans-group.com\/fr\/wp-json\/wp\/v2\/pages\/14384\/revisions\/14407"}],"up":[{"embeddable":true,"href":"https:\/\/neel-trimarans-group.com\/fr\/wp-json\/wp\/v2\/pages\/8245"}],"wp:featuredmedia":[{"embeddable":true,"href":"https:\/\/neel-trimarans-group.com\/fr\/wp-json\/wp\/v2\/media\/14393"}],"wp:attachment":[{"href":"https:\/\/neel-trimarans-group.com\/fr\/wp-json\/wp\/v2\/media?parent=14384"}],"curies":[{"name":"wp","href":"https:\/\/api.w.org\/{rel}","templated":true}]}}