{"id":12348,"date":"2021-11-17T11:39:42","date_gmt":"2021-11-17T10:39:34","guid":{"rendered":"https:\/\/neel-trimarans-group.com\/?page_id=12348"},"modified":"2024-06-10T11:22:23","modified_gmt":"2024-06-10T10:22:23","slug":"accastilleur-h-f","status":"publish","type":"page","link":"https:\/\/neel-trimarans-group.com\/fr\/entreprise\/recrutement-2\/accastilleur-h-f\/","title":{"rendered":"Accastilleur H\/F"},"content":{"rendered":"\t\t<div data-elementor-type=\"wp-page\" data-elementor-id=\"12348\" class=\"elementor elementor-12348\" data-elementor-post-type=\"page\">\n\t\t\t\t\t\t<section class=\"elementor-section elementor-top-section elementor-element elementor-element-69e8579 elementor-section-boxed elementor-section-height-default elementor-section-height-default\" data-id=\"69e8579\" data-element_type=\"section\">\n\t\t\t\t\t\t<div class=\"elementor-container elementor-column-gap-default\">\n\t\t\t\t\t<div class=\"elementor-column elementor-col-100 elementor-top-column elementor-element elementor-element-061a1ce\" data-id=\"061a1ce\" data-element_type=\"column\">\n\t\t\t<div class=\"elementor-widget-wrap elementor-element-populated\">\n\t\t\t\t\t\t<div class=\"elementor-element elementor-element-bfcfe6e elementor-widget elementor-widget-text-editor\" data-id=\"bfcfe6e\" data-element_type=\"widget\" data-widget_type=\"text-editor.default\">\n\t\t\t\t<div class=\"elementor-widget-container\">\n\t\t\t\t\t\t\t\t\t<p>En 13 ans, NEEL-TRIMARANS s\u2019est impos\u00e9 comme le <strong>leader mondial<\/strong> de la production de trimarans de plaisance (voiliers et powerboat).<\/p><p>Dans le cadre de l\u2019accroissement de son activit\u00e9, nous recherchons un Accastilleur H\/F pr\u00eat \u00e0 rejoindre nos ateliers rochelais.<\/p><h2>Description du poste<\/h2><p>Au sein d\u2019une \u00e9quipe \u00e0 taille humaine et sous l\u2019impulsion du Responsable Atelier, vos missions principales sont les suivantes, pr\u00e9paration et installation de l&#8217;accastillage g\u00e9n\u00e9ral du bateau :<\/p><ul><li>Mettre en s\u00e9curit\u00e9 le bateau<\/li><li>Poser des pi\u00e8ces d&#8217;accastillage et des vitrages (ex : taquets, winchs, mains courantes, balcons&#8230;)<\/li><li>Poser et installer des filets<\/li><li>Pr\u00e9parer et contr\u00f4ler les pi\u00e8ces<\/li><li>S&#8217;assurer de la fonctionnalit\u00e9 et de l&#8217;\u00e9tanch\u00e9it\u00e9 des pi\u00e8ces<\/li><\/ul><h2><strong>Profil du candidat<\/strong><\/h2><p><strong>Formation :<\/strong>\u00a0Id\u00e9alement une formation de niveau CAP\/BEP \u00e0 BP\/BAC R\u00e9paration entretien des embarcations de plaisance ou Maintenance nautique<\/p><p><strong>\u00a0<\/strong><\/p><p><strong>Exp\u00e9rience :<\/strong>\u00a0Exp\u00e9rience significative sur un poste similaire dans le nautisme Vous ma\u00eetrisez les techniques inh\u00e9rentes au m\u00e9tier et savez lire les plans et documents de travail<\/p><p><strong>Qualit\u00e9s :<\/strong>\u00a0Autonomie, minutie, organisation, rigueur. Vous \u00eates manuel et aimez le travail en \u00e9quipe. Vous appr\u00e9ciez la qualit\u00e9 de l\u2019ex\u00e9cution et remontez les remarques aupr\u00e8s du sup\u00e9rieur hi\u00e9rarchique<\/p><p><strong>Connaissances : <\/strong>Connaissance du secteur du nautisme<\/p><p><strong><br \/>Conditions et avantages<\/strong><\/p><ul><li>CDD\/CDI sur 39H<\/li><li>Horaires de travail en journ\u00e9e sur 4 jours et demi (du lundi au vendredi matin)<\/li><li>Localit\u00e9 : La Rochelle<\/li><li>Poste \u00e0 pourvoir imm\u00e9diatement<\/li><li>Salaire suivant exp\u00e9rience<\/li><\/ul>\t\t\t\t\t\t\t\t<\/div>\n\t\t\t\t<\/div>\n\t\t\t\t\t<\/div>\n\t\t<\/div>\n\t\t\t\t\t<\/div>\n\t\t<\/section>\n\t\t\t\t<section class=\"elementor-section elementor-top-section elementor-element elementor-element-204bea9 elementor-section-boxed elementor-section-height-default elementor-section-height-default\" data-id=\"204bea9\" data-element_type=\"section\">\n\t\t\t\t\t\t<div class=\"elementor-container elementor-column-gap-default\">\n\t\t\t\t\t<div class=\"elementor-column elementor-col-100 elementor-top-column elementor-element elementor-element-efdf3d9\" data-id=\"efdf3d9\" data-element_type=\"column\">\n\t\t\t<div class=\"elementor-widget-wrap elementor-element-populated\">\n\t\t\t\t\t\t<div class=\"elementor-element elementor-element-a0c501c elementor-widget elementor-widget-tp-contact-form-7\" data-id=\"a0c501c\" data-element_type=\"widget\" data-widget_type=\"tp-contact-form-7.default\">\n\t\t\t\t<div class=\"elementor-widget-container\">\n\t\t\t\t\t<div class=\"theplus-contact-form plus-cf7-custom  text-center    after \" >\n<div class=\"wpcf7 no-js\" id=\"wpcf7-f3282-p12348-o1\" lang=\"fr-FR\" dir=\"ltr\" data-wpcf7-id=\"3282\">\n<div class=\"screen-reader-response\"><p role=\"status\" aria-live=\"polite\" aria-atomic=\"true\"><\/p> <ul><\/ul><\/div>\n<form action=\"\/fr\/entreprise\/recrutement-2\/accastilleur-h-f\/#wpcf7-f3282-p12348-o1\" method=\"post\" class=\"wpcf7-form init\" aria-label=\"Formulaire de contact\" enctype=\"multipart\/form-data\" novalidate=\"novalidate\" data-status=\"init\">\n<fieldset class=\"hidden-fields-container\"><input type=\"hidden\" name=\"_wpcf7\" value=\"3282\" \/><input type=\"hidden\" name=\"_wpcf7_version\" value=\"6.1.5\" \/><input type=\"hidden\" name=\"_wpcf7_locale\" value=\"fr_FR\" \/><input type=\"hidden\" name=\"_wpcf7_unit_tag\" value=\"wpcf7-f3282-p12348-o1\" \/><input type=\"hidden\" name=\"_wpcf7_container_post\" value=\"12348\" \/><input type=\"hidden\" name=\"_wpcf7_posted_data_hash\" value=\"\" \/><input type=\"hidden\" name=\"_wpcf7dtx_version\" value=\"5.0.5\" \/><input type=\"hidden\" name=\"_wpcf7_recaptcha_response\" value=\"\" \/>\n<\/fieldset>\n<div class=\"left_50\">\n    <label>Nom*<\/label>\n    <span class=\"wpcf7-form-control-wrap\" data-name=\"your-name\"><input size=\"40\" maxlength=\"400\" class=\"wpcf7-form-control wpcf7-text wpcf7-validates-as-required\" aria-required=\"true\" aria-invalid=\"false\" value=\"\" type=\"text\" name=\"your-name\" \/><\/span>\n<\/div>\n<div class=\"right_50\">\n    <label>Pr\u00e9nom*<\/label>\n    <span class=\"wpcf7-form-control-wrap\" data-name=\"your-prenom\"><input size=\"40\" maxlength=\"400\" class=\"wpcf7-form-control wpcf7-text wpcf7-validates-as-required\" aria-required=\"true\" aria-invalid=\"false\" value=\"\" type=\"text\" name=\"your-prenom\" \/><\/span>\n<\/div>\n\n\n<div class=\"left_50\">\n    <label>Email*<\/label>\n    <span class=\"wpcf7-form-control-wrap\" data-name=\"email\"><input size=\"40\" maxlength=\"400\" class=\"wpcf7-form-control wpcf7-email wpcf7-validates-as-required wpcf7-text wpcf7-validates-as-email\" aria-required=\"true\" aria-invalid=\"false\" value=\"\" type=\"email\" name=\"email\" \/><\/span>\n<\/div>\n<div class=\"right_50\">\n    <label>T\u00e9l\u00e9phone*<\/label>\n    <span class=\"wpcf7-form-control-wrap\" data-name=\"phone\"><input size=\"40\" maxlength=\"400\" class=\"wpcf7-form-control wpcf7-text wpcf7-validates-as-required\" aria-required=\"true\" aria-invalid=\"false\" value=\"\" type=\"text\" name=\"phone\" \/><\/span>\n<\/div>\n\n\n\n<div class=\"left_50\">\n    <label>Ville*<\/label>\n    <span class=\"wpcf7-form-control-wrap\" data-name=\"ville\"><input size=\"40\" maxlength=\"400\" class=\"wpcf7-form-control wpcf7-text wpcf7-validates-as-required\" aria-required=\"true\" aria-invalid=\"false\" value=\"\" type=\"text\" name=\"ville\" \/><\/span>\n<\/div>\n<div class=\"right_50\">\n    <label>Poste recherch\u00e9*<\/label>\n    <span class=\"wpcf7-form-control-wrap\" data-name=\"job\"><input size=\"40\" maxlength=\"400\" class=\"wpcf7-form-control wpcf7-text wpcf7-validates-as-required\" aria-required=\"true\" aria-invalid=\"false\" value=\"\" type=\"text\" name=\"job\" \/><\/span>\n<\/div>\n\n\n<div class=\"center_100\">\n    <label>Message*<\/label>\n    <span class=\"wpcf7-form-control-wrap\" data-name=\"your-message\"><textarea cols=\"40\" rows=\"10\" maxlength=\"2000\" class=\"wpcf7-form-control wpcf7-textarea wpcf7-validates-as-required\" aria-required=\"true\" aria-invalid=\"false\" name=\"your-message\"><\/textarea><\/span>\n<\/div>\n\n<div class=\"left_50\">\n    <label>Votre CV<\/label>\n<span class=\"wpcf7-form-control-wrap\" data-name=\"file-CV\"><input size=\"40\" class=\"wpcf7-form-control wpcf7-file\" accept=\"image\/*,.txt,application\/pdf\" aria-invalid=\"false\" type=\"file\" name=\"file-CV\" \/><\/span>\n<\/div>\n<div class=\"right_50\">\n    <label>Votre lettre de motivation<\/label>\n<span class=\"wpcf7-form-control-wrap\" data-name=\"file-lettre\"><input size=\"40\" class=\"wpcf7-form-control wpcf7-file\" accept=\"image\/*,.txt,application\/pdf\" aria-invalid=\"false\" type=\"file\" name=\"file-lettre\" \/><\/span>\n\n\n<\/div>\n\n<div class=\"center_100\">\n <small style=\"font-size:12px;font-weight:100;\"><span class=\"wpcf7-form-control-wrap\" data-name=\"checkbox-27\"><span class=\"wpcf7-form-control wpcf7-checkbox wpcf7-validates-as-required wpcf7-exclusive-checkbox\"><span class=\"wpcf7-list-item first last\"><label><input type=\"checkbox\" name=\"checkbox-27\" value=\"En soumettant ce formulaire j\u2019accepte que les informations saisies soient exploit\u00e9es dans le cadre de la demande de contact\" \/><span class=\"wpcf7-list-item-label\">En soumettant ce formulaire j\u2019accepte que les informations saisies soient exploit\u00e9es dans le cadre de la demande de contact<\/span><\/label><\/span><\/span><\/span><\/small>\n<\/div>\n\n\n<div class=\"center_100\">\n<input class=\"wpcf7-form-control wpcf7-submit has-spinner\" type=\"submit\" value=\"Envoyer\" \/>\n<\/div><div class=\"wpcf7-response-output\" aria-hidden=\"true\"><\/div>\n<\/form>\n<\/div>\n<\/div>\t\t\t\t<\/div>\n\t\t\t\t<\/div>\n\t\t\t\t\t<\/div>\n\t\t<\/div>\n\t\t\t\t\t<\/div>\n\t\t<\/section>\n\t\t\t\t<\/div>\n\t\t","protected":false},"excerpt":{"rendered":"<p>En 13 ans, NEEL-TRIMARANS s\u2019est impos\u00e9 comme le leader mondial de la production de trimarans de plaisance (voiliers et powerboat). Dans le cadre de l\u2019accroissement de son activit\u00e9, nous recherchons un Accastilleur H\/F pr\u00eat \u00e0 rejoindre nos ateliers rochelais. Description du poste Au sein d\u2019une \u00e9quipe \u00e0 taille humaine et sous l\u2019impulsion du Responsable Atelier, [&hellip;]<\/p>\n","protected":false},"author":1,"featured_media":12161,"parent":8245,"menu_order":0,"comment_status":"closed","ping_status":"closed","template":"page_content_neel.php","meta":{"_acf_changed":false,"footnotes":""},"class_list":["post-12348","page","type-page","status-publish","has-post-thumbnail","hentry"],"acf":[],"yoast_head":"<!-- This site is optimized with the Yoast SEO plugin v27.4 - https:\/\/yoast.com\/product\/yoast-seo-wordpress\/ -->\n<title>Accastilleur H\/F - NEEL-TRIMARANS-GROUP<\/title>\n<meta name=\"robots\" content=\"index, follow, max-snippet:-1, max-image-preview:large, max-video-preview:-1\" \/>\n<link rel=\"canonical\" href=\"https:\/\/neel-trimarans-group.com\/fr\/entreprise\/recrutement-2\/accastilleur-h-f\/\" \/>\n<meta property=\"og:locale\" content=\"fr_FR\" \/>\n<meta property=\"og:type\" content=\"article\" \/>\n<meta property=\"og:title\" content=\"Accastilleur H\/F - NEEL-TRIMARANS-GROUP\" \/>\n<meta property=\"og:description\" content=\"En 13 ans, NEEL-TRIMARANS s\u2019est impos\u00e9 comme le leader mondial de la production de trimarans de plaisance (voiliers et powerboat). Dans le cadre de l\u2019accroissement de son activit\u00e9, nous recherchons un Accastilleur H\/F pr\u00eat \u00e0 rejoindre nos ateliers rochelais. Description du poste Au sein d\u2019une \u00e9quipe \u00e0 taille humaine et sous l\u2019impulsion du Responsable Atelier, [&hellip;]\" \/>\n<meta property=\"og:url\" content=\"https:\/\/neel-trimarans-group.com\/fr\/entreprise\/recrutement-2\/accastilleur-h-f\/\" \/>\n<meta property=\"og:site_name\" content=\"NEEL-TRIMARANS-GROUP\" \/>\n<meta property=\"article:publisher\" content=\"https:\/\/www.facebook.com\/neeltrimarans\/\" \/>\n<meta property=\"article:modified_time\" content=\"2024-06-10T10:22:23+00:00\" \/>\n<meta property=\"og:image\" content=\"http:\/\/neel-trimarans-group.com\/wp-content\/uploads\/2021\/10\/preparateur-bateau-h-f-scaled.jpg\" \/>\n\t<meta property=\"og:image:width\" content=\"2560\" \/>\n\t<meta property=\"og:image:height\" content=\"1707\" \/>\n\t<meta property=\"og:image:type\" content=\"image\/jpeg\" \/>\n<meta name=\"twitter:card\" content=\"summary_large_image\" \/>\n<meta name=\"twitter:site\" content=\"@neeltrimarans\" \/>\n<meta name=\"twitter:label1\" content=\"Dur\u00e9e de lecture estim\u00e9e\" \/>\n\t<meta name=\"twitter:data1\" content=\"2 minutes\" \/>\n<script type=\"application\/ld+json\" class=\"yoast-schema-graph\">{\"@context\":\"https:\\\/\\\/schema.org\",\"@graph\":[{\"@type\":\"WebPage\",\"@id\":\"https:\\\/\\\/neel-trimarans-group.com\\\/fr\\\/entreprise\\\/recrutement-2\\\/accastilleur-h-f\\\/\",\"url\":\"https:\\\/\\\/neel-trimarans-group.com\\\/fr\\\/entreprise\\\/recrutement-2\\\/accastilleur-h-f\\\/\",\"name\":\"Accastilleur H\\\/F - NEEL-TRIMARANS-GROUP\",\"isPartOf\":{\"@id\":\"https:\\\/\\\/neel-trimarans-group.com\\\/#website\"},\"primaryImageOfPage\":{\"@id\":\"https:\\\/\\\/neel-trimarans-group.com\\\/fr\\\/entreprise\\\/recrutement-2\\\/accastilleur-h-f\\\/#primaryimage\"},\"image\":{\"@id\":\"https:\\\/\\\/neel-trimarans-group.com\\\/fr\\\/entreprise\\\/recrutement-2\\\/accastilleur-h-f\\\/#primaryimage\"},\"thumbnailUrl\":\"https:\\\/\\\/neel-trimarans-group.com\\\/wp-content\\\/uploads\\\/2021\\\/10\\\/preparateur-bateau-h-f-scaled.jpg\",\"datePublished\":\"2021-11-17T10:39:34+00:00\",\"dateModified\":\"2024-06-10T10:22:23+00:00\",\"breadcrumb\":{\"@id\":\"https:\\\/\\\/neel-trimarans-group.com\\\/fr\\\/entreprise\\\/recrutement-2\\\/accastilleur-h-f\\\/#breadcrumb\"},\"inLanguage\":\"fr-FR\",\"potentialAction\":[{\"@type\":\"ReadAction\",\"target\":[\"https:\\\/\\\/neel-trimarans-group.com\\\/fr\\\/entreprise\\\/recrutement-2\\\/accastilleur-h-f\\\/\"]}]},{\"@type\":\"ImageObject\",\"inLanguage\":\"fr-FR\",\"@id\":\"https:\\\/\\\/neel-trimarans-group.com\\\/fr\\\/entreprise\\\/recrutement-2\\\/accastilleur-h-f\\\/#primaryimage\",\"url\":\"https:\\\/\\\/neel-trimarans-group.com\\\/wp-content\\\/uploads\\\/2021\\\/10\\\/preparateur-bateau-h-f-scaled.jpg\",\"contentUrl\":\"https:\\\/\\\/neel-trimarans-group.com\\\/wp-content\\\/uploads\\\/2021\\\/10\\\/preparateur-bateau-h-f-scaled.jpg\",\"width\":2560,\"height\":1707,\"caption\":\"Pr\u00e9parateur bateau (H\\\/F)\"},{\"@type\":\"BreadcrumbList\",\"@id\":\"https:\\\/\\\/neel-trimarans-group.com\\\/fr\\\/entreprise\\\/recrutement-2\\\/accastilleur-h-f\\\/#breadcrumb\",\"itemListElement\":[{\"@type\":\"ListItem\",\"position\":1,\"name\":\"Home\",\"item\":\"https:\\\/\\\/neel-trimarans-group.com\\\/\"},{\"@type\":\"ListItem\",\"position\":2,\"name\":\"L&#8217;entreprise\",\"item\":\"https:\\\/\\\/neel-trimarans-group.com\\\/fr\\\/entreprise\\\/\"},{\"@type\":\"ListItem\",\"position\":3,\"name\":\"Recrutement\",\"item\":\"https:\\\/\\\/neel-trimarans-group.com\\\/fr\\\/entreprise\\\/recrutement-2\\\/\"},{\"@type\":\"ListItem\",\"position\":4,\"name\":\"Accastilleur H\\\/F\"}]},{\"@type\":\"WebSite\",\"@id\":\"https:\\\/\\\/neel-trimarans-group.com\\\/#website\",\"url\":\"https:\\\/\\\/neel-trimarans-group.com\\\/\",\"name\":\"NEEL-TRIMARANS-GROUP\",\"description\":\"Just makes sense\",\"publisher\":{\"@id\":\"https:\\\/\\\/neel-trimarans-group.com\\\/#organization\"},\"potentialAction\":[{\"@type\":\"SearchAction\",\"target\":{\"@type\":\"EntryPoint\",\"urlTemplate\":\"https:\\\/\\\/neel-trimarans-group.com\\\/?s={search_term_string}\"},\"query-input\":{\"@type\":\"PropertyValueSpecification\",\"valueRequired\":true,\"valueName\":\"search_term_string\"}}],\"inLanguage\":\"fr-FR\"},{\"@type\":\"Organization\",\"@id\":\"https:\\\/\\\/neel-trimarans-group.com\\\/#organization\",\"name\":\"NEEL-TRIMARANS GROUP\",\"url\":\"https:\\\/\\\/neel-trimarans-group.com\\\/\",\"logo\":{\"@type\":\"ImageObject\",\"inLanguage\":\"fr-FR\",\"@id\":\"https:\\\/\\\/neel-trimarans-group.com\\\/#\\\/schema\\\/logo\\\/image\\\/\",\"url\":\"\",\"contentUrl\":\"\",\"caption\":\"NEEL-TRIMARANS GROUP\"},\"image\":{\"@id\":\"https:\\\/\\\/neel-trimarans-group.com\\\/#\\\/schema\\\/logo\\\/image\\\/\"},\"sameAs\":[\"https:\\\/\\\/www.facebook.com\\\/neeltrimarans\\\/\",\"https:\\\/\\\/x.com\\\/neeltrimarans\",\"https:\\\/\\\/www.instagram.com\\\/neeltrimarans_official\\\/\",\"https:\\\/\\\/www.youtube.com\\\/channel\\\/UCAFnRZZiNuug-k9TNDH_sEw\"]}]}<\/script>\n<!-- \/ Yoast SEO plugin. -->","yoast_head_json":{"title":"Accastilleur H\/F - NEEL-TRIMARANS-GROUP","robots":{"index":"index","follow":"follow","max-snippet":"max-snippet:-1","max-image-preview":"max-image-preview:large","max-video-preview":"max-video-preview:-1"},"canonical":"https:\/\/neel-trimarans-group.com\/fr\/entreprise\/recrutement-2\/accastilleur-h-f\/","og_locale":"fr_FR","og_type":"article","og_title":"Accastilleur H\/F - NEEL-TRIMARANS-GROUP","og_description":"En 13 ans, NEEL-TRIMARANS s\u2019est impos\u00e9 comme le leader mondial de la production de trimarans de plaisance (voiliers et powerboat). Dans le cadre de l\u2019accroissement de son activit\u00e9, nous recherchons un Accastilleur H\/F pr\u00eat \u00e0 rejoindre nos ateliers rochelais. Description du poste Au sein d\u2019une \u00e9quipe \u00e0 taille humaine et sous l\u2019impulsion du Responsable Atelier, [&hellip;]","og_url":"https:\/\/neel-trimarans-group.com\/fr\/entreprise\/recrutement-2\/accastilleur-h-f\/","og_site_name":"NEEL-TRIMARANS-GROUP","article_publisher":"https:\/\/www.facebook.com\/neeltrimarans\/","article_modified_time":"2024-06-10T10:22:23+00:00","og_image":[{"width":2560,"height":1707,"url":"http:\/\/neel-trimarans-group.com\/wp-content\/uploads\/2021\/10\/preparateur-bateau-h-f-scaled.jpg","type":"image\/jpeg"}],"twitter_card":"summary_large_image","twitter_site":"@neeltrimarans","twitter_misc":{"Dur\u00e9e de lecture estim\u00e9e":"2 minutes"},"schema":{"@context":"https:\/\/schema.org","@graph":[{"@type":"WebPage","@id":"https:\/\/neel-trimarans-group.com\/fr\/entreprise\/recrutement-2\/accastilleur-h-f\/","url":"https:\/\/neel-trimarans-group.com\/fr\/entreprise\/recrutement-2\/accastilleur-h-f\/","name":"Accastilleur H\/F - NEEL-TRIMARANS-GROUP","isPartOf":{"@id":"https:\/\/neel-trimarans-group.com\/#website"},"primaryImageOfPage":{"@id":"https:\/\/neel-trimarans-group.com\/fr\/entreprise\/recrutement-2\/accastilleur-h-f\/#primaryimage"},"image":{"@id":"https:\/\/neel-trimarans-group.com\/fr\/entreprise\/recrutement-2\/accastilleur-h-f\/#primaryimage"},"thumbnailUrl":"https:\/\/neel-trimarans-group.com\/wp-content\/uploads\/2021\/10\/preparateur-bateau-h-f-scaled.jpg","datePublished":"2021-11-17T10:39:34+00:00","dateModified":"2024-06-10T10:22:23+00:00","breadcrumb":{"@id":"https:\/\/neel-trimarans-group.com\/fr\/entreprise\/recrutement-2\/accastilleur-h-f\/#breadcrumb"},"inLanguage":"fr-FR","potentialAction":[{"@type":"ReadAction","target":["https:\/\/neel-trimarans-group.com\/fr\/entreprise\/recrutement-2\/accastilleur-h-f\/"]}]},{"@type":"ImageObject","inLanguage":"fr-FR","@id":"https:\/\/neel-trimarans-group.com\/fr\/entreprise\/recrutement-2\/accastilleur-h-f\/#primaryimage","url":"https:\/\/neel-trimarans-group.com\/wp-content\/uploads\/2021\/10\/preparateur-bateau-h-f-scaled.jpg","contentUrl":"https:\/\/neel-trimarans-group.com\/wp-content\/uploads\/2021\/10\/preparateur-bateau-h-f-scaled.jpg","width":2560,"height":1707,"caption":"Pr\u00e9parateur bateau (H\/F)"},{"@type":"BreadcrumbList","@id":"https:\/\/neel-trimarans-group.com\/fr\/entreprise\/recrutement-2\/accastilleur-h-f\/#breadcrumb","itemListElement":[{"@type":"ListItem","position":1,"name":"Home","item":"https:\/\/neel-trimarans-group.com\/"},{"@type":"ListItem","position":2,"name":"L&#8217;entreprise","item":"https:\/\/neel-trimarans-group.com\/fr\/entreprise\/"},{"@type":"ListItem","position":3,"name":"Recrutement","item":"https:\/\/neel-trimarans-group.com\/fr\/entreprise\/recrutement-2\/"},{"@type":"ListItem","position":4,"name":"Accastilleur H\/F"}]},{"@type":"WebSite","@id":"https:\/\/neel-trimarans-group.com\/#website","url":"https:\/\/neel-trimarans-group.com\/","name":"NEEL-TRIMARANS-GROUP","description":"Just makes sense","publisher":{"@id":"https:\/\/neel-trimarans-group.com\/#organization"},"potentialAction":[{"@type":"SearchAction","target":{"@type":"EntryPoint","urlTemplate":"https:\/\/neel-trimarans-group.com\/?s={search_term_string}"},"query-input":{"@type":"PropertyValueSpecification","valueRequired":true,"valueName":"search_term_string"}}],"inLanguage":"fr-FR"},{"@type":"Organization","@id":"https:\/\/neel-trimarans-group.com\/#organization","name":"NEEL-TRIMARANS GROUP","url":"https:\/\/neel-trimarans-group.com\/","logo":{"@type":"ImageObject","inLanguage":"fr-FR","@id":"https:\/\/neel-trimarans-group.com\/#\/schema\/logo\/image\/","url":"","contentUrl":"","caption":"NEEL-TRIMARANS GROUP"},"image":{"@id":"https:\/\/neel-trimarans-group.com\/#\/schema\/logo\/image\/"},"sameAs":["https:\/\/www.facebook.com\/neeltrimarans\/","https:\/\/x.com\/neeltrimarans","https:\/\/www.instagram.com\/neeltrimarans_official\/","https:\/\/www.youtube.com\/channel\/UCAFnRZZiNuug-k9TNDH_sEw"]}]}},"_links":{"self":[{"href":"https:\/\/neel-trimarans-group.com\/fr\/wp-json\/wp\/v2\/pages\/12348","targetHints":{"allow":["GET"]}}],"collection":[{"href":"https:\/\/neel-trimarans-group.com\/fr\/wp-json\/wp\/v2\/pages"}],"about":[{"href":"https:\/\/neel-trimarans-group.com\/fr\/wp-json\/wp\/v2\/types\/page"}],"author":[{"embeddable":true,"href":"https:\/\/neel-trimarans-group.com\/fr\/wp-json\/wp\/v2\/users\/1"}],"replies":[{"embeddable":true,"href":"https:\/\/neel-trimarans-group.com\/fr\/wp-json\/wp\/v2\/comments?post=12348"}],"version-history":[{"count":8,"href":"https:\/\/neel-trimarans-group.com\/fr\/wp-json\/wp\/v2\/pages\/12348\/revisions"}],"predecessor-version":[{"id":15102,"href":"https:\/\/neel-trimarans-group.com\/fr\/wp-json\/wp\/v2\/pages\/12348\/revisions\/15102"}],"up":[{"embeddable":true,"href":"https:\/\/neel-trimarans-group.com\/fr\/wp-json\/wp\/v2\/pages\/8245"}],"wp:featuredmedia":[{"embeddable":true,"href":"https:\/\/neel-trimarans-group.com\/fr\/wp-json\/wp\/v2\/media\/12161"}],"wp:attachment":[{"href":"https:\/\/neel-trimarans-group.com\/fr\/wp-json\/wp\/v2\/media?parent=12348"}],"curies":[{"name":"wp","href":"https:\/\/api.w.org\/{rel}","templated":true}]}}