{"id":11385,"date":"2021-01-28T09:14:29","date_gmt":"2021-01-28T08:14:29","guid":{"rendered":"https:\/\/neel-trimarans-group.com\/?page_id=11385"},"modified":"2023-09-14T10:10:18","modified_gmt":"2023-09-14T09:10:18","slug":"communiques-de-presse-neel-trimarans","status":"publish","type":"page","link":"https:\/\/neel-trimarans-group.com\/fr\/espace-presse\/communiques-de-presse-neel-trimarans\/","title":{"rendered":"Communiqu\u00e9s de presse LEEN-TRIMARANS"},"content":{"rendered":"Vous devez \u00eatre connect\u00e9 pour voir ce contenu.","protected":false},"excerpt":{"rendered":"Vous devez \u00eatre connect\u00e9 pour voir ce contenu.","protected":false},"author":1,"featured_media":0,"parent":10079,"menu_order":0,"comment_status":"closed","ping_status":"closed","template":"page_content_neel.php","meta":{"_acf_changed":false,"footnotes":""},"class_list":["post-11385","page","type-page","status-publish","hentry"],"acf":[],"yoast_head":"<!-- This site is optimized with the Yoast SEO plugin v27.4 - https:\/\/yoast.com\/product\/yoast-seo-wordpress\/ -->\n<title>Communiqu\u00e9s de presse LEEN-TRIMARANS - NEEL-TRIMARANS-GROUP<\/title>\n<meta name=\"description\" content=\"Commmuniqu\u00e9s de presse LEEN-TRIMARANS\" \/>\n<meta name=\"robots\" content=\"index, follow, max-snippet:-1, max-image-preview:large, max-video-preview:-1\" \/>\n<link rel=\"canonical\" href=\"https:\/\/neel-trimarans-group.com\/fr\/espace-presse\/communiques-de-presse-neel-trimarans\/\" \/>\n<meta property=\"og:locale\" content=\"fr_FR\" \/>\n<meta property=\"og:type\" content=\"article\" \/>\n<meta property=\"og:title\" content=\"Communiqu\u00e9s de presse LEEN-TRIMARANS - NEEL-TRIMARANS-GROUP\" \/>\n<meta property=\"og:description\" content=\"Commmuniqu\u00e9s de presse LEEN-TRIMARANS\" \/>\n<meta property=\"og:url\" content=\"https:\/\/neel-trimarans-group.com\/fr\/espace-presse\/communiques-de-presse-neel-trimarans\/\" \/>\n<meta property=\"og:site_name\" content=\"NEEL-TRIMARANS-GROUP\" \/>\n<meta property=\"article:publisher\" content=\"https:\/\/www.facebook.com\/neeltrimarans\/\" \/>\n<meta property=\"article:modified_time\" content=\"2023-09-14T09:10:18+00:00\" \/>\n<meta property=\"og:image\" content=\"http:\/\/neel-trimarans-group.com\/wp-content\/uploads\/2023\/09\/Press-release-LEEN-51.png\" \/>\n<meta name=\"twitter:card\" content=\"summary_large_image\" \/>\n<meta name=\"twitter:site\" content=\"@neeltrimarans\" \/>\n<meta name=\"twitter:label1\" content=\"Dur\u00e9e de lecture estim\u00e9e\" \/>\n\t<meta name=\"twitter:data1\" content=\"3 minutes\" \/>\n<script type=\"application\/ld+json\" class=\"yoast-schema-graph\">{\"@context\":\"https:\\\/\\\/schema.org\",\"@graph\":[{\"@type\":\"WebPage\",\"@id\":\"https:\\\/\\\/neel-trimarans-group.com\\\/fr\\\/espace-presse\\\/communiques-de-presse-neel-trimarans\\\/\",\"url\":\"https:\\\/\\\/neel-trimarans-group.com\\\/fr\\\/espace-presse\\\/communiques-de-presse-neel-trimarans\\\/\",\"name\":\"Communiqu\u00e9s de presse LEEN-TRIMARANS - NEEL-TRIMARANS-GROUP\",\"isPartOf\":{\"@id\":\"https:\\\/\\\/neel-trimarans-group.com\\\/#website\"},\"primaryImageOfPage\":{\"@id\":\"https:\\\/\\\/neel-trimarans-group.com\\\/fr\\\/espace-presse\\\/communiques-de-presse-neel-trimarans\\\/#primaryimage\"},\"image\":{\"@id\":\"https:\\\/\\\/neel-trimarans-group.com\\\/fr\\\/espace-presse\\\/communiques-de-presse-neel-trimarans\\\/#primaryimage\"},\"thumbnailUrl\":\"http:\\\/\\\/neel-trimarans-group.com\\\/wp-content\\\/uploads\\\/2023\\\/09\\\/Press-release-LEEN-51.png\",\"datePublished\":\"2021-01-28T08:14:29+00:00\",\"dateModified\":\"2023-09-14T09:10:18+00:00\",\"description\":\"Commmuniqu\u00e9s de presse LEEN-TRIMARANS\",\"breadcrumb\":{\"@id\":\"https:\\\/\\\/neel-trimarans-group.com\\\/fr\\\/espace-presse\\\/communiques-de-presse-neel-trimarans\\\/#breadcrumb\"},\"inLanguage\":\"fr-FR\",\"potentialAction\":[{\"@type\":\"ReadAction\",\"target\":[\"https:\\\/\\\/neel-trimarans-group.com\\\/fr\\\/espace-presse\\\/communiques-de-presse-neel-trimarans\\\/\"]}]},{\"@type\":\"ImageObject\",\"inLanguage\":\"fr-FR\",\"@id\":\"https:\\\/\\\/neel-trimarans-group.com\\\/fr\\\/espace-presse\\\/communiques-de-presse-neel-trimarans\\\/#primaryimage\",\"url\":\"http:\\\/\\\/neel-trimarans-group.com\\\/wp-content\\\/uploads\\\/2023\\\/09\\\/Press-release-LEEN-51.png\",\"contentUrl\":\"http:\\\/\\\/neel-trimarans-group.com\\\/wp-content\\\/uploads\\\/2023\\\/09\\\/Press-release-LEEN-51.png\"},{\"@type\":\"BreadcrumbList\",\"@id\":\"https:\\\/\\\/neel-trimarans-group.com\\\/fr\\\/espace-presse\\\/communiques-de-presse-neel-trimarans\\\/#breadcrumb\",\"itemListElement\":[{\"@type\":\"ListItem\",\"position\":1,\"name\":\"Home\",\"item\":\"https:\\\/\\\/neel-trimarans-group.com\\\/\"},{\"@type\":\"ListItem\",\"position\":2,\"name\":\"Espace presse\",\"item\":\"https:\\\/\\\/neel-trimarans-group.com\\\/fr\\\/espace-presse\\\/\"},{\"@type\":\"ListItem\",\"position\":3,\"name\":\"Communiqu\u00e9s de presse LEEN-TRIMARANS\"}]},{\"@type\":\"WebSite\",\"@id\":\"https:\\\/\\\/neel-trimarans-group.com\\\/#website\",\"url\":\"https:\\\/\\\/neel-trimarans-group.com\\\/\",\"name\":\"NEEL-TRIMARANS-GROUP\",\"description\":\"Just makes sense\",\"publisher\":{\"@id\":\"https:\\\/\\\/neel-trimarans-group.com\\\/#organization\"},\"potentialAction\":[{\"@type\":\"SearchAction\",\"target\":{\"@type\":\"EntryPoint\",\"urlTemplate\":\"https:\\\/\\\/neel-trimarans-group.com\\\/?s={search_term_string}\"},\"query-input\":{\"@type\":\"PropertyValueSpecification\",\"valueRequired\":true,\"valueName\":\"search_term_string\"}}],\"inLanguage\":\"fr-FR\"},{\"@type\":\"Organization\",\"@id\":\"https:\\\/\\\/neel-trimarans-group.com\\\/#organization\",\"name\":\"NEEL-TRIMARANS GROUP\",\"url\":\"https:\\\/\\\/neel-trimarans-group.com\\\/\",\"logo\":{\"@type\":\"ImageObject\",\"inLanguage\":\"fr-FR\",\"@id\":\"https:\\\/\\\/neel-trimarans-group.com\\\/#\\\/schema\\\/logo\\\/image\\\/\",\"url\":\"\",\"contentUrl\":\"\",\"caption\":\"NEEL-TRIMARANS GROUP\"},\"image\":{\"@id\":\"https:\\\/\\\/neel-trimarans-group.com\\\/#\\\/schema\\\/logo\\\/image\\\/\"},\"sameAs\":[\"https:\\\/\\\/www.facebook.com\\\/neeltrimarans\\\/\",\"https:\\\/\\\/x.com\\\/neeltrimarans\",\"https:\\\/\\\/www.instagram.com\\\/neeltrimarans_official\\\/\",\"https:\\\/\\\/www.youtube.com\\\/channel\\\/UCAFnRZZiNuug-k9TNDH_sEw\"]}]}<\/script>\n<!-- \/ Yoast SEO plugin. -->","yoast_head_json":{"title":"Communiqu\u00e9s de presse LEEN-TRIMARANS - NEEL-TRIMARANS-GROUP","description":"Commmuniqu\u00e9s de presse LEEN-TRIMARANS","robots":{"index":"index","follow":"follow","max-snippet":"max-snippet:-1","max-image-preview":"max-image-preview:large","max-video-preview":"max-video-preview:-1"},"canonical":"https:\/\/neel-trimarans-group.com\/fr\/espace-presse\/communiques-de-presse-neel-trimarans\/","og_locale":"fr_FR","og_type":"article","og_title":"Communiqu\u00e9s de presse LEEN-TRIMARANS - NEEL-TRIMARANS-GROUP","og_description":"Commmuniqu\u00e9s de presse LEEN-TRIMARANS","og_url":"https:\/\/neel-trimarans-group.com\/fr\/espace-presse\/communiques-de-presse-neel-trimarans\/","og_site_name":"NEEL-TRIMARANS-GROUP","article_publisher":"https:\/\/www.facebook.com\/neeltrimarans\/","article_modified_time":"2023-09-14T09:10:18+00:00","og_image":[{"url":"http:\/\/neel-trimarans-group.com\/wp-content\/uploads\/2023\/09\/Press-release-LEEN-51.png","type":"","width":"","height":""}],"twitter_card":"summary_large_image","twitter_site":"@neeltrimarans","twitter_misc":{"Dur\u00e9e de lecture estim\u00e9e":"3 minutes"},"schema":{"@context":"https:\/\/schema.org","@graph":[{"@type":"WebPage","@id":"https:\/\/neel-trimarans-group.com\/fr\/espace-presse\/communiques-de-presse-neel-trimarans\/","url":"https:\/\/neel-trimarans-group.com\/fr\/espace-presse\/communiques-de-presse-neel-trimarans\/","name":"Communiqu\u00e9s de presse LEEN-TRIMARANS - NEEL-TRIMARANS-GROUP","isPartOf":{"@id":"https:\/\/neel-trimarans-group.com\/#website"},"primaryImageOfPage":{"@id":"https:\/\/neel-trimarans-group.com\/fr\/espace-presse\/communiques-de-presse-neel-trimarans\/#primaryimage"},"image":{"@id":"https:\/\/neel-trimarans-group.com\/fr\/espace-presse\/communiques-de-presse-neel-trimarans\/#primaryimage"},"thumbnailUrl":"http:\/\/neel-trimarans-group.com\/wp-content\/uploads\/2023\/09\/Press-release-LEEN-51.png","datePublished":"2021-01-28T08:14:29+00:00","dateModified":"2023-09-14T09:10:18+00:00","description":"Commmuniqu\u00e9s de presse LEEN-TRIMARANS","breadcrumb":{"@id":"https:\/\/neel-trimarans-group.com\/fr\/espace-presse\/communiques-de-presse-neel-trimarans\/#breadcrumb"},"inLanguage":"fr-FR","potentialAction":[{"@type":"ReadAction","target":["https:\/\/neel-trimarans-group.com\/fr\/espace-presse\/communiques-de-presse-neel-trimarans\/"]}]},{"@type":"ImageObject","inLanguage":"fr-FR","@id":"https:\/\/neel-trimarans-group.com\/fr\/espace-presse\/communiques-de-presse-neel-trimarans\/#primaryimage","url":"http:\/\/neel-trimarans-group.com\/wp-content\/uploads\/2023\/09\/Press-release-LEEN-51.png","contentUrl":"http:\/\/neel-trimarans-group.com\/wp-content\/uploads\/2023\/09\/Press-release-LEEN-51.png"},{"@type":"BreadcrumbList","@id":"https:\/\/neel-trimarans-group.com\/fr\/espace-presse\/communiques-de-presse-neel-trimarans\/#breadcrumb","itemListElement":[{"@type":"ListItem","position":1,"name":"Home","item":"https:\/\/neel-trimarans-group.com\/"},{"@type":"ListItem","position":2,"name":"Espace presse","item":"https:\/\/neel-trimarans-group.com\/fr\/espace-presse\/"},{"@type":"ListItem","position":3,"name":"Communiqu\u00e9s de presse LEEN-TRIMARANS"}]},{"@type":"WebSite","@id":"https:\/\/neel-trimarans-group.com\/#website","url":"https:\/\/neel-trimarans-group.com\/","name":"NEEL-TRIMARANS-GROUP","description":"Just makes sense","publisher":{"@id":"https:\/\/neel-trimarans-group.com\/#organization"},"potentialAction":[{"@type":"SearchAction","target":{"@type":"EntryPoint","urlTemplate":"https:\/\/neel-trimarans-group.com\/?s={search_term_string}"},"query-input":{"@type":"PropertyValueSpecification","valueRequired":true,"valueName":"search_term_string"}}],"inLanguage":"fr-FR"},{"@type":"Organization","@id":"https:\/\/neel-trimarans-group.com\/#organization","name":"NEEL-TRIMARANS GROUP","url":"https:\/\/neel-trimarans-group.com\/","logo":{"@type":"ImageObject","inLanguage":"fr-FR","@id":"https:\/\/neel-trimarans-group.com\/#\/schema\/logo\/image\/","url":"","contentUrl":"","caption":"NEEL-TRIMARANS GROUP"},"image":{"@id":"https:\/\/neel-trimarans-group.com\/#\/schema\/logo\/image\/"},"sameAs":["https:\/\/www.facebook.com\/neeltrimarans\/","https:\/\/x.com\/neeltrimarans","https:\/\/www.instagram.com\/neeltrimarans_official\/","https:\/\/www.youtube.com\/channel\/UCAFnRZZiNuug-k9TNDH_sEw"]}]}},"_links":{"self":[{"href":"https:\/\/neel-trimarans-group.com\/fr\/wp-json\/wp\/v2\/pages\/11385","targetHints":{"allow":["GET"]}}],"collection":[{"href":"https:\/\/neel-trimarans-group.com\/fr\/wp-json\/wp\/v2\/pages"}],"about":[{"href":"https:\/\/neel-trimarans-group.com\/fr\/wp-json\/wp\/v2\/types\/page"}],"author":[{"embeddable":true,"href":"https:\/\/neel-trimarans-group.com\/fr\/wp-json\/wp\/v2\/users\/1"}],"replies":[{"embeddable":true,"href":"https:\/\/neel-trimarans-group.com\/fr\/wp-json\/wp\/v2\/comments?post=11385"}],"version-history":[{"count":5,"href":"https:\/\/neel-trimarans-group.com\/fr\/wp-json\/wp\/v2\/pages\/11385\/revisions"}],"predecessor-version":[{"id":14678,"href":"https:\/\/neel-trimarans-group.com\/fr\/wp-json\/wp\/v2\/pages\/11385\/revisions\/14678"}],"up":[{"embeddable":true,"href":"https:\/\/neel-trimarans-group.com\/fr\/wp-json\/wp\/v2\/pages\/10079"}],"wp:attachment":[{"href":"https:\/\/neel-trimarans-group.com\/fr\/wp-json\/wp\/v2\/media?parent=11385"}],"curies":[{"name":"wp","href":"https:\/\/api.w.org\/{rel}","templated":true}]}}